{"id":9420,"date":"2024-08-29T11:56:18","date_gmt":"2024-08-29T09:56:18","guid":{"rendered":"https:\/\/teatrtrue.pl\/?page_id=9420"},"modified":"2026-01-30T20:52:42","modified_gmt":"2026-01-30T19:52:42","slug":"maszyna-idiosensoryczna-badania","status":"publish","type":"page","link":"https:\/\/teatrtrue.pl\/?page_id=9420","title":{"rendered":"Maszyna idiosensoryczna\/Badania"},"content":{"rendered":"\t\t<div data-elementor-type=\"wp-page\" data-elementor-id=\"9420\" class=\"elementor elementor-9420\">\n\t\t\t\t<div class=\"elementor-element elementor-element-50b0c73 e-flex e-con-boxed elementor-invisible e-con e-parent\" data-id=\"50b0c73\" data-element_type=\"container\" data-settings=\"{&quot;animation&quot;:&quot;fadeInRight&quot;}\" data-core-v316-plus=\"true\">\n\t\t\t\t\t<div class=\"e-con-inner\">\n\t\t\t\t<div class=\"elementor-element elementor-element-87b1da5 elementor-invisible elementor-widget elementor-widget-text-editor\" data-id=\"87b1da5\" data-element_type=\"widget\" data-settings=\"{&quot;_animation&quot;:&quot;zoomIn&quot;}\" data-widget_type=\"text-editor.default\">\n\t\t\t\t<div class=\"elementor-widget-container\">\n\t\t\t<style>\/*! elementor - v3.20.0 - 11-03-2024 *\/\n.elementor-widget-text-editor.elementor-drop-cap-view-stacked .elementor-drop-cap{background-color:#69727d;color:#fff}.elementor-widget-text-editor.elementor-drop-cap-view-framed .elementor-drop-cap{color:#69727d;border:3px solid;background-color:transparent}.elementor-widget-text-editor:not(.elementor-drop-cap-view-default) .elementor-drop-cap{margin-top:8px}.elementor-widget-text-editor:not(.elementor-drop-cap-view-default) .elementor-drop-cap-letter{width:1em;height:1em}.elementor-widget-text-editor .elementor-drop-cap{float:left;text-align:center;line-height:1;font-size:50px}.elementor-widget-text-editor .elementor-drop-cap-letter{display:inline-block}<\/style>\t\t\t\t<h6 style=\"text-align: center;\"><b>Ruch. Cia\u0142o. Tw\u00f3rczo\u015b\u0107. Integracja.<\/b><\/h6>\t\t\t\t\t\t<\/div>\n\t\t\t\t<\/div>\n\t\t\t\t\t<\/div>\n\t\t\t\t<\/div>\n\t\t<div class=\"elementor-element elementor-element-c02549b e-con-full e-flex elementor-invisible e-con e-parent\" data-id=\"c02549b\" data-element_type=\"container\" data-settings=\"{&quot;animation&quot;:&quot;fadeInLeft&quot;}\" data-core-v316-plus=\"true\">\n\t\t<div class=\"elementor-element elementor-element-87af166 e-con-full e-flex elementor-invisible e-con e-child\" data-id=\"87af166\" data-element_type=\"container\" data-settings=\"{&quot;animation&quot;:&quot;fadeInLeft&quot;}\">\n\t\t\t\t<div class=\"elementor-element elementor-element-b7aab40 elementor-widget__width-initial elementor-widget elementor-widget-text-editor\" data-id=\"b7aab40\" data-element_type=\"widget\" data-widget_type=\"text-editor.default\">\n\t\t\t\t<div class=\"elementor-widget-container\">\n\t\t\t\t\t\t\t<p>\ud83d\udee0 Czym jest Maszyna Idiosensoryczna?<\/p><p>To nowatorskie urz\u0105dzenie opracowane przez Jerzego Norberta Grzegorka, kt\u00f3re:<\/p><p>Wspiera rozw\u00f3j propriocepcji (czucia g\u0142\u0119bokiego), kinestezji (\u015bwiadomo\u015bci ruchu) oraz jako\u015bci ruchu.<\/p><p>\u0141\u0105czy funkcje \u0107wiczeniowe, tw\u00f3rcze, rehabilitacyjne, terapeutyczne i sportowe.<\/p><p>S\u0142u\u017cy jako narz\u0119dzie rozwoju artystycznego, zw\u0142aszcza w kontek\u015bcie teatru ta\u0144ca.<\/p><p>Innowacyjne narz\u0119dzie wspieraj\u0105ce rozw\u00f3j ruchowy, sensoryczny i artystyczny os\u00f3b z r\u00f3\u017cnymi potrzebami:<\/p><p>os\u00f3b z niepe\u0142nosprawno\u015bciami (m.in. niewidomych),<\/p><p>os\u00f3b starszych,<\/p><p>tancerzy i performer\u00f3w,<\/p><p>terapeut\u00f3w i pedagog\u00f3w,<\/p><p>dzieci i m\u0142odzie\u017cy w edukacji specjalnej.<\/p>\t\t\t\t\t\t<\/div>\n\t\t\t\t<\/div>\n\t\t\t\t<\/div>\n\t\t<div class=\"elementor-element elementor-element-b237e20 e-con-full e-flex elementor-invisible e-con e-child\" data-id=\"b237e20\" data-element_type=\"container\" data-settings=\"{&quot;animation&quot;:&quot;fadeInRight&quot;}\">\n\t\t\t\t<div class=\"elementor-element elementor-element-cc10b72 elementor-widget elementor-widget-video\" data-id=\"cc10b72\" data-element_type=\"widget\" data-settings=\"{&quot;video_type&quot;:&quot;hosted&quot;,&quot;controls&quot;:&quot;yes&quot;}\" data-widget_type=\"video.default\">\n\t\t\t\t<div class=\"elementor-widget-container\">\n\t\t\t<style>\/*! elementor - v3.20.0 - 11-03-2024 *\/\n.elementor-widget-video .elementor-widget-container{overflow:hidden;transform:translateZ(0)}.elementor-widget-video .elementor-wrapper{aspect-ratio:var(--video-aspect-ratio)}.elementor-widget-video .elementor-wrapper iframe,.elementor-widget-video .elementor-wrapper video{height:100%;width:100%;display:flex;border:none;background-color:#000}@supports not (aspect-ratio:1\/1){.elementor-widget-video .elementor-wrapper{position:relative;overflow:hidden;height:0;padding-bottom:calc(100% \/ var(--video-aspect-ratio))}.elementor-widget-video .elementor-wrapper iframe,.elementor-widget-video .elementor-wrapper video{position:absolute;top:0;right:0;bottom:0;left:0}}.elementor-widget-video .elementor-open-inline .elementor-custom-embed-image-overlay{position:absolute;top:0;right:0;bottom:0;left:0;background-size:cover;background-position:50%}.elementor-widget-video .elementor-custom-embed-image-overlay{cursor:pointer;text-align:center}.elementor-widget-video .elementor-custom-embed-image-overlay:hover .elementor-custom-embed-play i{opacity:1}.elementor-widget-video .elementor-custom-embed-image-overlay img{display:block;width:100%;aspect-ratio:var(--video-aspect-ratio);-o-object-fit:cover;object-fit:cover;-o-object-position:center center;object-position:center center}@supports not (aspect-ratio:1\/1){.elementor-widget-video .elementor-custom-embed-image-overlay{position:relative;overflow:hidden;height:0;padding-bottom:calc(100% \/ var(--video-aspect-ratio))}.elementor-widget-video .elementor-custom-embed-image-overlay img{position:absolute;top:0;right:0;bottom:0;left:0}}.elementor-widget-video .e-hosted-video .elementor-video{-o-object-fit:cover;object-fit:cover}.e-con-inner>.elementor-widget-video,.e-con>.elementor-widget-video{width:var(--container-widget-width);--flex-grow:var(--container-widget-flex-grow)}<\/style>\t\t<div class=\"e-hosted-video elementor-wrapper elementor-open-inline\">\n\t\t\t\t\t<video class=\"elementor-video\" src=\"http:\/\/teatrtrue.pl\/wp-content\/uploads\/2026\/01\/Media2.mp4\" controls=\"\" preload=\"metadata\" controlsList=\"nodownload\"><\/video>\n\t\t\t\t<\/div>\n\t\t\t\t<\/div>\n\t\t\t\t<\/div>\n\t\t\t\t<\/div>\n\t\t\t\t<\/div>\n\t\t<div class=\"elementor-element elementor-element-1128ce1 e-flex e-con-boxed elementor-invisible e-con e-parent\" data-id=\"1128ce1\" data-element_type=\"container\" data-settings=\"{&quot;animation&quot;:&quot;fadeInRight&quot;}\" data-core-v316-plus=\"true\">\n\t\t\t\t\t<div class=\"e-con-inner\">\n\t\t\t\t<div class=\"elementor-element elementor-element-c9dd583 elementor-invisible elementor-widget elementor-widget-text-editor\" data-id=\"c9dd583\" data-element_type=\"widget\" data-settings=\"{&quot;_animation&quot;:&quot;zoomIn&quot;}\" data-widget_type=\"text-editor.default\">\n\t\t\t\t<div class=\"elementor-widget-container\">\n\t\t\t\t\t\t\t<h6 style=\"text-align: center;\"><b>Maszyna Idiosensoryczna a nauka ruchu rytmicznego \u2013 idiomaty.<\/b><\/h6>\t\t\t\t\t\t<\/div>\n\t\t\t\t<\/div>\n\t\t\t\t\t<\/div>\n\t\t\t\t<\/div>\n\t\t<div class=\"elementor-element elementor-element-1d12dab e-con-full e-flex elementor-invisible e-con e-parent\" data-id=\"1d12dab\" data-element_type=\"container\" data-settings=\"{&quot;animation&quot;:&quot;fadeInLeft&quot;}\" data-core-v316-plus=\"true\">\n\t\t<div class=\"elementor-element elementor-element-ab2cc71 e-con-full e-flex elementor-invisible e-con e-child\" data-id=\"ab2cc71\" data-element_type=\"container\" data-settings=\"{&quot;animation&quot;:&quot;fadeInLeft&quot;}\">\n\t\t\t\t<div class=\"elementor-element elementor-element-cf5f72c elementor-widget__width-initial elementor-widget elementor-widget-text-editor\" data-id=\"cf5f72c\" data-element_type=\"widget\" data-widget_type=\"text-editor.default\">\n\t\t\t\t<div class=\"elementor-widget-container\">\n\t\t\t\t\t\t\t<p>\ud83d\udee0 Maszyna Idiosensoryczna nie tylko wspomaga rozw\u00f3j fizyczny, lecz tak\u017ce otwiera nowe mo\u017cliwo\u015bci w nauce \u015bwiadomego ruchu rytmicznego. Opracowany przez tw\u00f3rc\u0119 urz\u0105dzenia \u2013 Jerzego Norberta Grzegorka \u2013 system idiomat\u00f3w stanowi unikatow\u0105 metod\u0119 treningow\u0105, opart\u0105 na sekwencjach ruchowych tworzonych z wykorzystaniem Maszyny Idiosensorycznej.<\/p><p>Czym s\u0105 idiomaty?<\/p><p>Idiomaty to zestawy ruchowe \u2013 ustalone lub improwizowane \u2013 oparte na:<\/p><p>\u015bci\u015ble okre\u015blonych \u0107wiczeniach wykonywanych z pomoc\u0105 Transmitera Sensorycznego,<\/p><p>powtarzalnych i rytmicznych uk\u0142adach ruchowych, kt\u00f3re u\u017cytkownik mo\u017ce dostosowa\u0107 do swoich potrzeb,<\/p><p>zasadach p\u0142ynno\u015bci, precyzji i kontroli nad kierunkiem i jako\u015bci\u0105 ruchu.<\/p><p>Ka\u017cdy idiomat mo\u017ce s\u0142u\u017cy\u0107 jako narz\u0119dzie do:<\/p><p>zwi\u0119kszenia elastyczno\u015bci i gibko\u015bci wybranych grup mi\u0119\u015bniowych,<\/p><p>doskonalenia koordynacji ruchowej i orientacji przestrzennej,<\/p><p>rozwijania rytmiki i sp\u00f3jno\u015bci ruchu, a co za tym idzie \u2013 pe\u0142nej kontroli nad jego jako\u015bci\u0105, si\u0142\u0105 i dynamik\u0105.<\/p>\t\t\t\t\t\t<\/div>\n\t\t\t\t<\/div>\n\t\t\t\t<\/div>\n\t\t<div class=\"elementor-element elementor-element-d4732fa e-con-full e-flex e-con e-child\" data-id=\"d4732fa\" data-element_type=\"container\">\n\t\t<div class=\"elementor-element elementor-element-e485217 e-flex e-con-boxed elementor-invisible e-con e-child\" data-id=\"e485217\" data-element_type=\"container\" data-settings=\"{&quot;animation&quot;:&quot;fadeInRight&quot;}\">\n\t\t\t\t\t<div class=\"e-con-inner\">\n\t\t\t\t<div class=\"elementor-element elementor-element-f4ef522 elementor-widget elementor-widget-image\" data-id=\"f4ef522\" data-element_type=\"widget\" data-widget_type=\"image.default\">\n\t\t\t\t<div class=\"elementor-widget-container\">\n\t\t\t<style>\/*! elementor - v3.20.0 - 11-03-2024 *\/\n.elementor-widget-image{text-align:center}.elementor-widget-image a{display:inline-block}.elementor-widget-image a img[src$=\".svg\"]{width:48px}.elementor-widget-image img{vertical-align:middle;display:inline-block}<\/style>\t\t\t\t\t\t\t\t\t\t<img fetchpriority=\"high\" decoding=\"async\" width=\"415\" height=\"192\" src=\"https:\/\/teatrtrue.pl\/wp-content\/uploads\/2026\/01\/Zrzut-ekranu-2026-01-27-141332.png\" class=\"attachment-large size-large wp-image-10491\" alt=\"\" srcset=\"https:\/\/teatrtrue.pl\/wp-content\/uploads\/2026\/01\/Zrzut-ekranu-2026-01-27-141332.png 415w, https:\/\/teatrtrue.pl\/wp-content\/uploads\/2026\/01\/Zrzut-ekranu-2026-01-27-141332-300x139.png 300w\" sizes=\"(max-width: 415px) 100vw, 415px\" \/>\t\t\t\t\t\t\t\t\t\t\t\t\t<\/div>\n\t\t\t\t<\/div>\n\t\t\t\t\t<\/div>\n\t\t\t\t<\/div>\n\t\t<div class=\"elementor-element elementor-element-0b4d9df e-flex e-con-boxed elementor-invisible e-con e-child\" data-id=\"0b4d9df\" data-element_type=\"container\" data-settings=\"{&quot;animation&quot;:&quot;fadeInRight&quot;}\">\n\t\t\t\t\t<div class=\"e-con-inner\">\n\t\t\t\t<div class=\"elementor-element elementor-element-a09e5f4 elementor-widget elementor-widget-image\" data-id=\"a09e5f4\" data-element_type=\"widget\" data-widget_type=\"image.default\">\n\t\t\t\t<div class=\"elementor-widget-container\">\n\t\t\t\t\t\t\t\t\t\t\t\t\t<img decoding=\"async\" width=\"419\" height=\"189\" src=\"https:\/\/teatrtrue.pl\/wp-content\/uploads\/2026\/01\/Zrzut-ekranu-2026-01-27-141359.png\" class=\"attachment-large size-large wp-image-10492\" alt=\"\" srcset=\"https:\/\/teatrtrue.pl\/wp-content\/uploads\/2026\/01\/Zrzut-ekranu-2026-01-27-141359.png 419w, https:\/\/teatrtrue.pl\/wp-content\/uploads\/2026\/01\/Zrzut-ekranu-2026-01-27-141359-300x135.png 300w\" sizes=\"(max-width: 419px) 100vw, 419px\" \/>\t\t\t\t\t\t\t\t\t\t\t\t\t<\/div>\n\t\t\t\t<\/div>\n\t\t\t\t\t<\/div>\n\t\t\t\t<\/div>\n\t\t\t\t<\/div>\n\t\t\t\t<\/div>\n\t\t<div class=\"elementor-element elementor-element-e8903c2 e-con-full e-flex elementor-invisible e-con e-parent\" data-id=\"e8903c2\" data-element_type=\"container\" data-settings=\"{&quot;animation&quot;:&quot;fadeInRight&quot;}\" data-core-v316-plus=\"true\">\n\t\t<div class=\"elementor-element elementor-element-f4f52d4 e-con-full e-flex elementor-invisible e-con e-child\" data-id=\"f4f52d4\" data-element_type=\"container\" data-settings=\"{&quot;animation&quot;:&quot;fadeInLeft&quot;}\">\n\t\t\t\t<div class=\"elementor-element elementor-element-fcbf193 elementor-widget__width-initial elementor-widget elementor-widget-text-editor\" data-id=\"fcbf193\" data-element_type=\"widget\" data-widget_type=\"text-editor.default\">\n\t\t\t\t<div class=\"elementor-widget-container\">\n\t\t\t\t\t\t\t<p>Efekty pracy z idiomatami na Maszynie Idiosensorycznej:<\/p><p>wzrost \u015bwiadomo\u015bci cia\u0142a i ruchowej inteligencji, rozw\u00f3j koordynacji i p\u0142ynno\u015bci ruchu, wzmocnienie si\u0142y mi\u0119\u015bni g\u0142\u0119bokich i powierzchownych, poprawa rytmiki i zdolno\u015bci automatyzacji sekwencji ruchowych trening orientacji przestrzennej z przeniesieniem ruchu poza Maszyn\u0119 Idiosensoryczn\u0105.<\/p>\t\t\t\t\t\t<\/div>\n\t\t\t\t<\/div>\n\t\t\t\t<\/div>\n\t\t<div class=\"elementor-element elementor-element-5068b58 e-con-full e-flex e-con e-child\" data-id=\"5068b58\" data-element_type=\"container\">\n\t\t<div class=\"elementor-element elementor-element-944c52c e-flex e-con-boxed elementor-invisible e-con e-child\" data-id=\"944c52c\" data-element_type=\"container\" data-settings=\"{&quot;animation&quot;:&quot;fadeInRight&quot;}\">\n\t\t\t\t\t<div class=\"e-con-inner\">\n\t\t\t\t<div class=\"elementor-element elementor-element-c82527b elementor-widget elementor-widget-image\" data-id=\"c82527b\" data-element_type=\"widget\" data-widget_type=\"image.default\">\n\t\t\t\t<div class=\"elementor-widget-container\">\n\t\t\t\t\t\t\t\t\t\t\t\t\t<img decoding=\"async\" width=\"213\" height=\"281\" src=\"https:\/\/teatrtrue.pl\/wp-content\/uploads\/2026\/01\/Zrzut-ekranu-2026-01-27-141642.png\" class=\"attachment-large size-large wp-image-10496\" alt=\"\" \/>\t\t\t\t\t\t\t\t\t\t\t\t\t<\/div>\n\t\t\t\t<\/div>\n\t\t\t\t\t<\/div>\n\t\t\t\t<\/div>\n\t\t\t\t<\/div>\n\t\t\t\t<\/div>\n\t\t<div class=\"elementor-element elementor-element-c2afff0 e-flex e-con-boxed elementor-invisible e-con e-parent\" data-id=\"c2afff0\" data-element_type=\"container\" data-settings=\"{&quot;animation&quot;:&quot;fadeInLeft&quot;}\" data-core-v316-plus=\"true\">\n\t\t\t\t\t<div class=\"e-con-inner\">\n\t\t\t\t<div class=\"elementor-element elementor-element-2cbbe56 elementor-invisible elementor-widget elementor-widget-text-editor\" data-id=\"2cbbe56\" data-element_type=\"widget\" data-settings=\"{&quot;_animation&quot;:&quot;zoomIn&quot;}\" data-widget_type=\"text-editor.default\">\n\t\t\t\t<div class=\"elementor-widget-container\">\n\t\t\t\t\t\t\t<h6 style=\"text-align: center;\"><b>Rola Maszyny Idiosensorycznej w odkrywaniu potencja\u0142\u00f3w ruchu i jego rytmu<\/b><\/h6>\t\t\t\t\t\t<\/div>\n\t\t\t\t<\/div>\n\t\t\t\t\t<\/div>\n\t\t\t\t<\/div>\n\t\t<div class=\"elementor-element elementor-element-efacaaa e-con-full e-flex elementor-invisible e-con e-parent\" data-id=\"efacaaa\" data-element_type=\"container\" data-settings=\"{&quot;animation&quot;:&quot;fadeInRight&quot;}\" data-core-v316-plus=\"true\">\n\t\t<div class=\"elementor-element elementor-element-d5dd1db e-con-full e-flex e-con e-child\" data-id=\"d5dd1db\" data-element_type=\"container\">\n\t\t<div class=\"elementor-element elementor-element-153fa30 e-flex e-con-boxed elementor-invisible e-con e-child\" data-id=\"153fa30\" data-element_type=\"container\" data-settings=\"{&quot;animation&quot;:&quot;fadeInLeft&quot;}\">\n\t\t\t\t\t<div class=\"e-con-inner\">\n\t\t\t\t<div class=\"elementor-element elementor-element-3d8224f elementor-widget__width-initial elementor-widget elementor-widget-text-editor\" data-id=\"3d8224f\" data-element_type=\"widget\" data-widget_type=\"text-editor.default\">\n\t\t\t\t<div class=\"elementor-widget-container\">\n\t\t\t\t\t\t\t<p>\ud83d\udee0 Maszyna Idiosensoryczna staje si\u0119 w tym kontek\u015bcie instrumentem j\u0119zyka ruchu \u2013 nie narzuca formy, ale umo\u017cliwia jej samodzielne odkrywanie. Dzi\u0119ki zmiennemu oporowi i elastycznej konfiguracji Transmitera Sensorycznego:<\/p><p>pozwala zrozumie\u0107 w\u0142asn\u0105 motoryk\u0119 poprzez do\u015bwiadczenie i rozw\u00f3j propriocepcji (czucia g\u0142\u0119bokiego), kinestezji (\u015bwiadomo\u015bci ruchu) oraz poszerzenie jako\u015bci ruchu,<\/p><p>sprzyja tworzeniu autonomicznych idiomat\u00f3w ruchowych,<\/p><p>wspiera zar\u00f3wno rehabilitacj\u0119, terapi\u0119, sport, jak i tw\u00f3rczo\u015b\u0107 taneczn\u0105.<\/p>\t\t\t\t\t\t<\/div>\n\t\t\t\t<\/div>\n\t\t\t\t\t<\/div>\n\t\t\t\t<\/div>\n\t\t<div class=\"elementor-element elementor-element-4d87cc5 e-flex e-con-boxed elementor-invisible e-con e-child\" data-id=\"4d87cc5\" data-element_type=\"container\" data-settings=\"{&quot;animation&quot;:&quot;fadeInUp&quot;}\">\n\t\t\t\t\t<div class=\"e-con-inner\">\n\t\t\t\t<div class=\"elementor-element elementor-element-bcc11c6 elementor-widget elementor-widget-image\" data-id=\"bcc11c6\" data-element_type=\"widget\" data-widget_type=\"image.default\">\n\t\t\t\t<div class=\"elementor-widget-container\">\n\t\t\t\t\t\t\t\t\t\t\t\t\t<img loading=\"lazy\" decoding=\"async\" width=\"494\" height=\"281\" src=\"https:\/\/teatrtrue.pl\/wp-content\/uploads\/2026\/01\/Zrzut-ekranu-2026-01-27-142209.png\" class=\"attachment-large size-large wp-image-10498\" alt=\"\" srcset=\"https:\/\/teatrtrue.pl\/wp-content\/uploads\/2026\/01\/Zrzut-ekranu-2026-01-27-142209.png 494w, https:\/\/teatrtrue.pl\/wp-content\/uploads\/2026\/01\/Zrzut-ekranu-2026-01-27-142209-300x171.png 300w\" sizes=\"(max-width: 494px) 100vw, 494px\" \/>\t\t\t\t\t\t\t\t\t\t\t\t\t<\/div>\n\t\t\t\t<\/div>\n\t\t\t\t\t<\/div>\n\t\t\t\t<\/div>\n\t\t\t\t<\/div>\n\t\t<div class=\"elementor-element elementor-element-2458f97 e-con-full e-flex e-con e-child\" data-id=\"2458f97\" data-element_type=\"container\">\n\t\t\t\t<div class=\"elementor-element elementor-element-992e405 elementor-widget__width-initial elementor-invisible elementor-widget elementor-widget-text-editor\" data-id=\"992e405\" data-element_type=\"widget\" data-settings=\"{&quot;_animation&quot;:&quot;fadeInRight&quot;}\" data-widget_type=\"text-editor.default\">\n\t\t\t\t<div class=\"elementor-widget-container\">\n\t\t\t\t\t\t\t<p><b>Wsp\u00f3\u0142praca z Maszyn\u0105 Idiosensoryczn\u0105<\/b><\/p><p>Maszyna Idiosensoryczna umo\u017cliwia prowadzenie pracy z idiomatem tanecznym (struktur\u0105 rytmiczno-ruchow\u0105) w spos\u00f3b kontrolowany, elastyczny i powtarzalny, co czyni j\u0105 niezwykle cennym narz\u0119dziem w procesie rozwijania osobistego j\u0119zyka ruchowego. Umo\u017cliwia:<\/p><p>Weryfikacj\u0119 zakres\u00f3w i jako\u015bci ruchu w zmiennych warunkach,<\/p><p>Regulacj\u0119 poziomu oporu oraz po\u0142o\u017cenia Transmitera sensorycznego wzgl\u0119dem cia\u0142a,<\/p><p>Kszta\u0142towanie precyzji ruchu i jego rytmiki poprzez p\u0142ynny op\u00f3r i faktur\u0119 sensoryczn\u0105 rolek.<\/p><p>Dzi\u0119ki temu idiomat przestaje by\u0107 tylko \u0107wiczeniem \u2013 staje si\u0119 \u017cyw\u0105 form\u0105 komunikacji cia\u0142a ze sob\u0105 samym, z przestrzeni\u0105 i z innymi.<\/p>\t\t\t\t\t\t<\/div>\n\t\t\t\t<\/div>\n\t\t\t\t<\/div>\n\t\t\t\t<\/div>\n\t\t\t\t<\/div>\n\t\t","protected":false},"excerpt":{"rendered":"<p>Ruch. Cia\u0142o. Tw\u00f3rczo\u015b\u0107. Integracja. \ud83d\udee0 Czym jest Maszyna Idiosensoryczna? To nowatorskie urz\u0105dzenie opracowane przez Jerzego Norberta Grzegorka, kt\u00f3re: Wspiera rozw\u00f3j propriocepcji (czucia g\u0142\u0119bokiego), kinestezji (\u015bwiadomo\u015bci ruchu) oraz jako\u015bci ruchu. \u0141\u0105czy [&hellip;]<\/p>\n","protected":false},"author":1,"featured_media":0,"parent":0,"menu_order":0,"comment_status":"closed","ping_status":"closed","template":"","meta":{"_mc_calendar":[],"footnotes":""},"class_list":["post-9420","page","type-page","status-publish","hentry"],"_links":{"self":[{"href":"https:\/\/teatrtrue.pl\/index.php?rest_route=\/wp\/v2\/pages\/9420","targetHints":{"allow":["GET"]}}],"collection":[{"href":"https:\/\/teatrtrue.pl\/index.php?rest_route=\/wp\/v2\/pages"}],"about":[{"href":"https:\/\/teatrtrue.pl\/index.php?rest_route=\/wp\/v2\/types\/page"}],"author":[{"embeddable":true,"href":"https:\/\/teatrtrue.pl\/index.php?rest_route=\/wp\/v2\/users\/1"}],"replies":[{"embeddable":true,"href":"https:\/\/teatrtrue.pl\/index.php?rest_route=%2Fwp%2Fv2%2Fcomments&post=9420"}],"version-history":[{"count":19,"href":"https:\/\/teatrtrue.pl\/index.php?rest_route=\/wp\/v2\/pages\/9420\/revisions"}],"predecessor-version":[{"id":11526,"href":"https:\/\/teatrtrue.pl\/index.php?rest_route=\/wp\/v2\/pages\/9420\/revisions\/11526"}],"wp:attachment":[{"href":"https:\/\/teatrtrue.pl\/index.php?rest_route=%2Fwp%2Fv2%2Fmedia&parent=9420"}],"curies":[{"name":"wp","href":"https:\/\/api.w.org\/{rel}","templated":true}]}}