{"id":9415,"date":"2024-08-29T11:54:47","date_gmt":"2024-08-29T09:54:47","guid":{"rendered":"https:\/\/teatrtrue.pl\/?page_id=9415"},"modified":"2026-01-30T20:46:44","modified_gmt":"2026-01-30T19:46:44","slug":"idio-choregrafia","status":"publish","type":"page","link":"https:\/\/teatrtrue.pl\/?page_id=9415","title":{"rendered":"Idiochoreografia"},"content":{"rendered":"\t\t<div data-elementor-type=\"wp-page\" data-elementor-id=\"9415\" class=\"elementor elementor-9415\">\n\t\t\t\t<div class=\"elementor-element elementor-element-7d74547 e-con-full e-flex elementor-invisible e-con e-parent\" data-id=\"7d74547\" data-element_type=\"container\" data-settings=\"{&quot;animation&quot;:&quot;fadeInRight&quot;}\" data-core-v316-plus=\"true\">\n\t\t<div class=\"elementor-element elementor-element-ed3ced2 e-con-full e-flex elementor-invisible e-con e-child\" data-id=\"ed3ced2\" data-element_type=\"container\" data-settings=\"{&quot;animation&quot;:&quot;fadeInLeft&quot;}\">\n\t\t\t\t<div class=\"elementor-element elementor-element-ccdc401 elementor-widget elementor-widget-text-editor\" data-id=\"ccdc401\" data-element_type=\"widget\" data-widget_type=\"text-editor.default\">\n\t\t\t\t<div class=\"elementor-widget-container\">\n\t\t\t<style>\/*! elementor - v3.20.0 - 11-03-2024 *\/\n.elementor-widget-text-editor.elementor-drop-cap-view-stacked .elementor-drop-cap{background-color:#69727d;color:#fff}.elementor-widget-text-editor.elementor-drop-cap-view-framed .elementor-drop-cap{color:#69727d;border:3px solid;background-color:transparent}.elementor-widget-text-editor:not(.elementor-drop-cap-view-default) .elementor-drop-cap{margin-top:8px}.elementor-widget-text-editor:not(.elementor-drop-cap-view-default) .elementor-drop-cap-letter{width:1em;height:1em}.elementor-widget-text-editor .elementor-drop-cap{float:left;text-align:center;line-height:1;font-size:50px}.elementor-widget-text-editor .elementor-drop-cap-letter{display:inline-block}<\/style>\t\t\t\t<p>\ud83d\udca1\ud83d\udeb6\u200d\u2642\ufe0fIDIOCHOREOGRAFIA \u2014 czym jest?<\/p><p>Idiochoreografia to rozbudowana struktura choreograficzna oparta na indywidualnym idiomie tanecznym osoby z niepe\u0142nosprawno\u015bci\u0105.<\/p><p>Uwzgl\u0119dnia ona osobist\u0105 ekspresj\u0119, charakter, emocje i indywidualny rys ruchowy.<\/p><p>Mo\u017ce by\u0107 wykonywana solowo lub grupowo, z naciskiem na podkre\u015blenie indywidualno\u015bci i niepowtarzalno\u015bci ka\u017cdego tancerza.<\/p><p>Ka\u017cda osoba z niepe\u0142nosprawno\u015bci\u0105 ma sw\u00f3j unikatowy ruch i rytm \u2014 to w\u0142a\u015bnie one s\u0105 fundamentem idiochoreografii.<\/p>\t\t\t\t\t\t<\/div>\n\t\t\t\t<\/div>\n\t\t\t\t<\/div>\n\t\t<div class=\"elementor-element elementor-element-9995705 e-con-full e-flex elementor-invisible e-con e-child\" data-id=\"9995705\" data-element_type=\"container\" data-settings=\"{&quot;animation&quot;:&quot;fadeInRight&quot;}\">\n\t\t\t\t<div class=\"elementor-element elementor-element-693e68b gallery-spacing-custom elementor-widget-mobile__width-initial elementor-widget elementor-widget-image-gallery\" data-id=\"693e68b\" data-element_type=\"widget\" data-widget_type=\"image-gallery.default\">\n\t\t\t\t<div class=\"elementor-widget-container\">\n\t\t\t<style>\/*! elementor - v3.20.0 - 11-03-2024 *\/\n.elementor-image-gallery .gallery-item{display:inline-block;text-align:center;vertical-align:top;width:100%;max-width:100%;margin:0 auto}.elementor-image-gallery .gallery-item img{margin:0 auto}.elementor-image-gallery .gallery-item .gallery-caption{margin:0}.elementor-image-gallery figure img{display:block}.elementor-image-gallery figure figcaption{width:100%}.gallery-spacing-custom .elementor-image-gallery .gallery-icon{padding:0}@media (min-width:768px){.elementor-image-gallery .gallery-columns-2 .gallery-item{max-width:50%}.elementor-image-gallery .gallery-columns-3 .gallery-item{max-width:33.33%}.elementor-image-gallery .gallery-columns-4 .gallery-item{max-width:25%}.elementor-image-gallery .gallery-columns-5 .gallery-item{max-width:20%}.elementor-image-gallery .gallery-columns-6 .gallery-item{max-width:16.666%}.elementor-image-gallery .gallery-columns-7 .gallery-item{max-width:14.28%}.elementor-image-gallery .gallery-columns-8 .gallery-item{max-width:12.5%}.elementor-image-gallery .gallery-columns-9 .gallery-item{max-width:11.11%}.elementor-image-gallery .gallery-columns-10 .gallery-item{max-width:10%}}@media (min-width:480px) and (max-width:767px){.elementor-image-gallery .gallery.gallery-columns-2 .gallery-item,.elementor-image-gallery .gallery.gallery-columns-3 .gallery-item,.elementor-image-gallery .gallery.gallery-columns-4 .gallery-item,.elementor-image-gallery .gallery.gallery-columns-5 .gallery-item,.elementor-image-gallery .gallery.gallery-columns-6 .gallery-item,.elementor-image-gallery .gallery.gallery-columns-7 .gallery-item,.elementor-image-gallery .gallery.gallery-columns-8 .gallery-item,.elementor-image-gallery .gallery.gallery-columns-9 .gallery-item,.elementor-image-gallery .gallery.gallery-columns-10 .gallery-item{max-width:50%}}@media (max-width:479px){.elementor-image-gallery .gallery.gallery-columns-2 .gallery-item,.elementor-image-gallery .gallery.gallery-columns-3 .gallery-item,.elementor-image-gallery .gallery.gallery-columns-4 .gallery-item,.elementor-image-gallery .gallery.gallery-columns-5 .gallery-item,.elementor-image-gallery .gallery.gallery-columns-6 .gallery-item,.elementor-image-gallery .gallery.gallery-columns-7 .gallery-item,.elementor-image-gallery .gallery.gallery-columns-8 .gallery-item,.elementor-image-gallery .gallery.gallery-columns-9 .gallery-item,.elementor-image-gallery .gallery.gallery-columns-10 .gallery-item{max-width:100%}}<\/style>\t\t<div class=\"elementor-image-gallery\">\n\t\t\t\n\t\t<style type=\"text\/css\">\n\t\t\t#gallery-1 {\n\t\t\t\tmargin: auto;\n\t\t\t}\n\t\t\t#gallery-1 .gallery-item {\n\t\t\t\tfloat: left;\n\t\t\t\tmargin-top: 10px;\n\t\t\t\ttext-align: center;\n\t\t\t\twidth: 50%;\n\t\t\t}\n\t\t\t#gallery-1 img {\n\t\t\t\tborder: 2px solid #cfcfcf;\n\t\t\t}\n\t\t\t#gallery-1 .gallery-caption {\n\t\t\t\tmargin-left: 0;\n\t\t\t}\n\t\t\t\/* see gallery_shortcode() in wp-includes\/media.php *\/\n\t\t<\/style>\n\t\t<div id='gallery-1' class='gallery galleryid-9415 gallery-columns-2 gallery-size-medium'><dl class='gallery-item'>\n\t\t\t<dt class='gallery-icon landscape'>\n\t\t\t\t<a data-elementor-open-lightbox=\"yes\" data-elementor-lightbox-slideshow=\"693e68b\" data-elementor-lightbox-title=\"Korowod-87-1-650x650-2\" data-e-action-hash=\"#elementor-action%3Aaction%3Dlightbox%26settings%3DeyJpZCI6MTExODUsInVybCI6Imh0dHBzOlwvXC90ZWF0cnRydWUucGxcL3dwLWNvbnRlbnRcL3VwbG9hZHNcLzIwMjZcLzAxXC9Lb3Jvd29kLTg3LTEtNjUweDY1MC0yLmpwZyIsInNsaWRlc2hvdyI6IjY5M2U2OGIifQ%3D%3D\" href='https:\/\/teatrtrue.pl\/wp-content\/uploads\/2026\/01\/Korowod-87-1-650x650-2.jpg'><img fetchpriority=\"high\" decoding=\"async\" width=\"300\" height=\"300\" src=\"https:\/\/teatrtrue.pl\/wp-content\/uploads\/2026\/01\/Korowod-87-1-650x650-2-300x300.jpg\" class=\"attachment-medium size-medium\" alt=\"\" srcset=\"https:\/\/teatrtrue.pl\/wp-content\/uploads\/2026\/01\/Korowod-87-1-650x650-2-300x300.jpg 300w, https:\/\/teatrtrue.pl\/wp-content\/uploads\/2026\/01\/Korowod-87-1-650x650-2-150x150.jpg 150w, https:\/\/teatrtrue.pl\/wp-content\/uploads\/2026\/01\/Korowod-87-1-650x650-2.jpg 650w\" sizes=\"(max-width: 300px) 100vw, 300px\" \/><\/a>\n\t\t\t<\/dt><\/dl><dl class='gallery-item'>\n\t\t\t<dt class='gallery-icon landscape'>\n\t\t\t\t<a data-elementor-open-lightbox=\"yes\" data-elementor-lightbox-slideshow=\"693e68b\" data-elementor-lightbox-title=\"Korowod-178-1-650x650-2\" data-e-action-hash=\"#elementor-action%3Aaction%3Dlightbox%26settings%3DeyJpZCI6MTExODYsInVybCI6Imh0dHBzOlwvXC90ZWF0cnRydWUucGxcL3dwLWNvbnRlbnRcL3VwbG9hZHNcLzIwMjZcLzAxXC9Lb3Jvd29kLTE3OC0xLTY1MHg2NTAtMi5qcGciLCJzbGlkZXNob3ciOiI2OTNlNjhiIn0%3D\" href='https:\/\/teatrtrue.pl\/wp-content\/uploads\/2026\/01\/Korowod-178-1-650x650-2.jpg'><img decoding=\"async\" width=\"300\" height=\"300\" src=\"https:\/\/teatrtrue.pl\/wp-content\/uploads\/2026\/01\/Korowod-178-1-650x650-2-300x300.jpg\" class=\"attachment-medium size-medium\" alt=\"\" srcset=\"https:\/\/teatrtrue.pl\/wp-content\/uploads\/2026\/01\/Korowod-178-1-650x650-2-300x300.jpg 300w, https:\/\/teatrtrue.pl\/wp-content\/uploads\/2026\/01\/Korowod-178-1-650x650-2-150x150.jpg 150w, https:\/\/teatrtrue.pl\/wp-content\/uploads\/2026\/01\/Korowod-178-1-650x650-2.jpg 650w\" sizes=\"(max-width: 300px) 100vw, 300px\" \/><\/a>\n\t\t\t<\/dt><\/dl><br style=\"clear: both\" \/>\n\t\t<\/div>\n\t\t<\/div>\n\t\t\t\t<\/div>\n\t\t\t\t<\/div>\n\t\t\t\t<\/div>\n\t\t<div class=\"elementor-element elementor-element-8f015ac e-con-full e-flex elementor-invisible e-con e-child\" data-id=\"8f015ac\" data-element_type=\"container\" data-settings=\"{&quot;animation&quot;:&quot;fadeInUp&quot;}\">\n\t\t\t\t<div class=\"elementor-element elementor-element-9c3246a elementor-widget elementor-widget-text-editor\" data-id=\"9c3246a\" data-element_type=\"widget\" data-widget_type=\"text-editor.default\">\n\t\t\t\t<div class=\"elementor-widget-container\">\n\t\t\t\t\t\t\t<p>\ud83d\udca1IDIOCHOREOGRAFIA<\/p><p>\ud83d\udccc \ud83d\udeb6\u200d\u2642\ufe0fJak powstaje idiochoreografia?<\/p><p>Stanowi synergiczne po\u0142\u0105czenie choreografii i improwizacji.<\/p><p>Powstaje dzi\u0119ki \u015bwiadomemu i metodycznemu wykorzystaniu potencja\u0142u ruchowego i rytmicznego danej osoby (idiochoreografa).<\/p><p>Ruch i rytm traktowane s\u0105 jako swoiste znaki i symbole, kt\u00f3re tworz\u0105 indywidualny j\u0119zyk cia\u0142a.<\/p><p>Proces tw\u00f3rczy \u0142\u0105czy indywidualne oraz grupowe manifestacje artystyczne na scenie.<\/p>\t\t\t\t\t\t<\/div>\n\t\t\t\t<\/div>\n\t\t\t\t<\/div>\n\t\t<div class=\"elementor-element elementor-element-ca58609 e-con-full e-flex elementor-invisible e-con e-child\" data-id=\"ca58609\" data-element_type=\"container\" data-settings=\"{&quot;animation&quot;:&quot;fadeInUp&quot;}\">\n\t\t\t\t<div class=\"elementor-element elementor-element-f645bf5 elementor-widget elementor-widget-text-editor\" data-id=\"f645bf5\" data-element_type=\"widget\" data-widget_type=\"text-editor.default\">\n\t\t\t\t<div class=\"elementor-widget-container\">\n\t\t\t\t\t\t\t<p>\ud83d\udca1\ud83d\udeb6\u200d\u2642\ufe0fIDIOCHOREOGRAFIA jest zaawansowanym konceptem choreograficznym, kt\u00f3ry definiuje unikaln\u0105 struktur\u0119 ruchow\u0105 i rytmiczn\u0105, opart\u0105 na idiomie tanecznym osoby z niepe\u0142nosprawno\u015bci\u0105. Termin ten odnosi si\u0119 do specyficznego, indywidualnie uwarunkowanego j\u0119zyka ruchu, b\u0119d\u0105cego wyrazem nie tylko funkcjonalnych mo\u017cliwo\u015bci motorycznych tancerza, ale tak\u017ce jego subiektywnych do\u015bwiadcze\u0144, osobowo\u015bci, ekspresji emocjonalnej oraz to\u017csamo\u015bci cielesnej.<\/p><p>W odr\u00f3\u017cnieniu od tradycyjnych choreografii, kt\u00f3re cz\u0119sto bazuj\u0105 na uniwersalnych schematach i powtarzalnych wzorcach ruchowych, idiochoreografia podkre\u015bla unikalno\u015b\u0107 ka\u017cdego uczestnika procesu tw\u00f3rczego, uwzgl\u0119dniaj\u0105c zmienno\u015b\u0107 i indywidualno\u015b\u0107 idiomu ruchowego jako zas\u00f3b znak\u00f3w semiotycznych. Te znaki ruchowe funkcjonuj\u0105 jako no\u015bniki znacze\u0144 kulturowych, psychofizycznych i spo\u0142ecznych, tworz\u0105c sp\u00f3jny system komunikacji artystycznej.<\/p>\t\t\t\t\t\t<\/div>\n\t\t\t\t<\/div>\n\t\t\t\t<\/div>\n\t\t\t\t<\/div>\n\t\t<div class=\"elementor-element elementor-element-c60ae26 e-con-full e-flex elementor-invisible e-con e-parent\" data-id=\"c60ae26\" data-element_type=\"container\" data-settings=\"{&quot;animation&quot;:&quot;fadeInLeft&quot;}\" data-core-v316-plus=\"true\">\n\t\t<div class=\"elementor-element elementor-element-77ad80a e-con-full e-flex elementor-invisible e-con e-child\" data-id=\"77ad80a\" data-element_type=\"container\" data-settings=\"{&quot;animation&quot;:&quot;fadeInLeft&quot;}\">\n\t\t\t\t<div class=\"elementor-element elementor-element-0e06110 elementor-widget elementor-widget-text-editor\" data-id=\"0e06110\" data-element_type=\"widget\" data-widget_type=\"text-editor.default\">\n\t\t\t\t<div class=\"elementor-widget-container\">\n\t\t\t\t\t\t\t<p>\ud83d\udca1\ud83d\udeb6\u200d\u2642\ufe0fIDIOCHOREOGRAFIA<\/p><p>Proces tworzenia idiochoreografii opiera si\u0119 na synergii mi\u0119dzy choreografi\u0105 a improwizacj\u0105. Choreografia rozumiana jest tutaj jako \u015bwiadome, metodyczne kszta\u0142towanie przestrzeni, czasu i jako\u015bci ruchu, natomiast improwizacja stanowi spontaniczny i dynamiczny wymiar interpretacji idiomu tanecznego. Dzi\u0119ki temu powstaje hybrydalno\u015b\u0107 formy wyrazu, kt\u00f3ra balansuje pomi\u0119dzy planowaniem a swobod\u0105 tw\u00f3rcz\u0105.<\/p><p>Kluczow\u0105 rol\u0119 w idiochoreografii odgrywa r\u00f3wnie\u017c wymiar podmiotowo\u015bci i swoisto\u015bci ruchowej tancerza z niepe\u0142nosprawno\u015bci\u0105. Przez pryzmat indywidualnych ogranicze\u0144 i potencja\u0142\u00f3w motorycznych, idiochoreografia nie tylko dokumentuje i eksponuje zr\u00f3\u017cnicowanie ruchowe, lecz tak\u017ce integruje je z osobist\u0105 narracj\u0105, tworz\u0105c przestrze\u0144 do manifestacji to\u017csamo\u015bci i warto\u015bci artystycznych.<\/p><p>W efekcie idiochoreografia stanowi kompleksowy system artystyczny, kt\u00f3ry nie tylko wzbogaca dyskurs na temat inkluzji i r\u00f3\u017cnorodno\u015bci w ta\u0144cu, ale r\u00f3wnie\u017c redefiniuje tradycyjne poj\u0119cia estetyki, techniki i funkcji ruchu w kontek\u015bcie performatywnym os\u00f3b z niepe\u0142nosprawno\u015bciami.<\/p>\t\t\t\t\t\t<\/div>\n\t\t\t\t<\/div>\n\t\t\t\t<\/div>\n\t\t<div class=\"elementor-element elementor-element-ff52938 e-con-full e-flex elementor-invisible e-con e-child\" data-id=\"ff52938\" data-element_type=\"container\" data-settings=\"{&quot;animation&quot;:&quot;fadeInRight&quot;}\">\n\t\t\t\t<div class=\"elementor-element elementor-element-9ba61f1 elementor-widget elementor-widget-image\" data-id=\"9ba61f1\" data-element_type=\"widget\" data-widget_type=\"image.default\">\n\t\t\t\t<div class=\"elementor-widget-container\">\n\t\t\t<style>\/*! elementor - v3.20.0 - 11-03-2024 *\/\n.elementor-widget-image{text-align:center}.elementor-widget-image a{display:inline-block}.elementor-widget-image a img[src$=\".svg\"]{width:48px}.elementor-widget-image img{vertical-align:middle;display:inline-block}<\/style>\t\t\t\t\t\t\t\t\t\t<img decoding=\"async\" width=\"425\" height=\"424\" src=\"https:\/\/teatrtrue.pl\/wp-content\/uploads\/2026\/01\/Zrzut-ekranu-2026-01-26-163442.png\" class=\"attachment-large size-large wp-image-10426\" alt=\"\" srcset=\"https:\/\/teatrtrue.pl\/wp-content\/uploads\/2026\/01\/Zrzut-ekranu-2026-01-26-163442.png 425w, https:\/\/teatrtrue.pl\/wp-content\/uploads\/2026\/01\/Zrzut-ekranu-2026-01-26-163442-300x300.png 300w, https:\/\/teatrtrue.pl\/wp-content\/uploads\/2026\/01\/Zrzut-ekranu-2026-01-26-163442-150x150.png 150w\" sizes=\"(max-width: 425px) 100vw, 425px\" \/>\t\t\t\t\t\t\t\t\t\t\t\t\t<\/div>\n\t\t\t\t<\/div>\n\t\t\t\t<\/div>\n\t\t\t\t<\/div>\n\t\t\t\t<\/div>\n\t\t","protected":false},"excerpt":{"rendered":"<p>\ud83d\udca1\ud83d\udeb6\u200d\u2642\ufe0fIDIOCHOREOGRAFIA \u2014 czym jest? Idiochoreografia to rozbudowana struktura choreograficzna oparta na indywidualnym idiomie tanecznym osoby z niepe\u0142nosprawno\u015bci\u0105. Uwzgl\u0119dnia ona osobist\u0105 ekspresj\u0119, charakter, emocje i indywidualny rys ruchowy. Mo\u017ce by\u0107 wykonywana [&hellip;]<\/p>\n","protected":false},"author":1,"featured_media":0,"parent":0,"menu_order":0,"comment_status":"closed","ping_status":"closed","template":"","meta":{"_mc_calendar":[],"footnotes":""},"class_list":["post-9415","page","type-page","status-publish","hentry"],"_links":{"self":[{"href":"https:\/\/teatrtrue.pl\/index.php?rest_route=\/wp\/v2\/pages\/9415","targetHints":{"allow":["GET"]}}],"collection":[{"href":"https:\/\/teatrtrue.pl\/index.php?rest_route=\/wp\/v2\/pages"}],"about":[{"href":"https:\/\/teatrtrue.pl\/index.php?rest_route=\/wp\/v2\/types\/page"}],"author":[{"embeddable":true,"href":"https:\/\/teatrtrue.pl\/index.php?rest_route=\/wp\/v2\/users\/1"}],"replies":[{"embeddable":true,"href":"https:\/\/teatrtrue.pl\/index.php?rest_route=%2Fwp%2Fv2%2Fcomments&post=9415"}],"version-history":[{"count":27,"href":"https:\/\/teatrtrue.pl\/index.php?rest_route=\/wp\/v2\/pages\/9415\/revisions"}],"predecessor-version":[{"id":11508,"href":"https:\/\/teatrtrue.pl\/index.php?rest_route=\/wp\/v2\/pages\/9415\/revisions\/11508"}],"wp:attachment":[{"href":"https:\/\/teatrtrue.pl\/index.php?rest_route=%2Fwp%2Fv2%2Fmedia&parent=9415"}],"curies":[{"name":"wp","href":"https:\/\/api.w.org\/{rel}","templated":true}]}}