{"id":2545,"date":"2021-05-21T13:41:35","date_gmt":"2021-05-21T13:41:35","guid":{"rendered":"https:\/\/gracey.qodeinteractive.com\/?page_id=2545"},"modified":"2024-08-29T11:48:30","modified_gmt":"2024-08-29T09:48:30","slug":"contact-us","status":"publish","type":"page","link":"https:\/\/teatrtrue.pl\/?page_id=2545","title":{"rendered":"Badania"},"content":{"rendered":"\t\t<div data-elementor-type=\"wp-page\" data-elementor-id=\"2545\" class=\"elementor elementor-2545\">\n\t\t\t\t\t\t<section class=\"elementor-section elementor-top-section elementor-element elementor-element-275de41 elementor-section-full_width elementor-section-height-default elementor-section-height-default qodef-elementor-content-no\" data-id=\"275de41\" data-element_type=\"section\">\n\t\t\t\t\t\t<div class=\"elementor-container elementor-column-gap-default\">\n\t\t\t\t\t<div class=\"elementor-column elementor-col-100 elementor-top-column elementor-element elementor-element-f9b2c50\" data-id=\"f9b2c50\" data-element_type=\"column\">\n\t\t\t<div class=\"elementor-widget-wrap elementor-element-populated\">\n\t\t\t\t\t\t<div class=\"elementor-element elementor-element-d1e67c3 elementor-widget elementor-widget-gracey_core_google_map\" data-id=\"d1e67c3\" data-element_type=\"widget\" data-widget_type=\"gracey_core_google_map.default\">\n\t\t\t\t<div class=\"elementor-widget-container\">\n\t\t\t<div class=\"qodef-shortcode qodef-m  qodef-google-map\">\n\t<div class=\"qodef-m-map\" id=\"qodef-map-id--899\" data-addresses='[\"1399 Elaine Terrace, Union, NJ 07083, USA\"]' data-pin=https:\/\/teatrtrue.pl\/wp-content\/uploads\/2021\/05\/pin.png data-unique-id=899 data-height=672><\/div>\n<\/div>\n\t\t<\/div>\n\t\t\t\t<\/div>\n\t\t\t\t\t<\/div>\n\t\t<\/div>\n\t\t\t\t\t<\/div>\n\t\t<\/section>\n\t\t<div class=\"elementor-element elementor-element-e52c1c6 e-flex e-con-boxed e-con e-parent\" data-id=\"e52c1c6\" data-element_type=\"container\" data-core-v316-plus=\"true\">\n\t\t\t\t\t<div class=\"e-con-inner\">\n\t\t\t\t<div class=\"elementor-element elementor-element-82a4e70 elementor-widget elementor-widget-heading\" data-id=\"82a4e70\" data-element_type=\"widget\" data-widget_type=\"heading.default\">\n\t\t\t\t<div class=\"elementor-widget-container\">\n\t\t\t<style>\/*! elementor - v3.20.0 - 11-03-2024 *\/\n.elementor-heading-title{padding:0;margin:0;line-height:1}.elementor-widget-heading .elementor-heading-title[class*=elementor-size-]>a{color:inherit;font-size:inherit;line-height:inherit}.elementor-widget-heading .elementor-heading-title.elementor-size-small{font-size:15px}.elementor-widget-heading .elementor-heading-title.elementor-size-medium{font-size:19px}.elementor-widget-heading .elementor-heading-title.elementor-size-large{font-size:29px}.elementor-widget-heading .elementor-heading-title.elementor-size-xl{font-size:39px}.elementor-widget-heading .elementor-heading-title.elementor-size-xxl{font-size:59px}<\/style><h2 class=\"elementor-heading-title elementor-size-xxl\">BADANIA<\/h2>\t\t<\/div>\n\t\t\t\t<\/div>\n\t\t\t\t\t<\/div>\n\t\t\t\t<\/div>\n\t\t<div class=\"elementor-element elementor-element-aaf3caf e-flex e-con-boxed e-con e-parent\" data-id=\"aaf3caf\" data-element_type=\"container\" data-core-v316-plus=\"true\">\n\t\t\t\t\t<div class=\"e-con-inner\">\n\t\t\t\t<div class=\"elementor-element elementor-element-a9f949c elementor-widget elementor-widget-spacer\" data-id=\"a9f949c\" data-element_type=\"widget\" data-widget_type=\"spacer.default\">\n\t\t\t\t<div class=\"elementor-widget-container\">\n\t\t\t<style>\/*! elementor - v3.20.0 - 11-03-2024 *\/\n.elementor-column .elementor-spacer-inner{height:var(--spacer-size)}.e-con{--container-widget-width:100%}.e-con-inner>.elementor-widget-spacer,.e-con>.elementor-widget-spacer{width:var(--container-widget-width,var(--spacer-size));--align-self:var(--container-widget-align-self,initial);--flex-shrink:0}.e-con-inner>.elementor-widget-spacer>.elementor-widget-container,.e-con>.elementor-widget-spacer>.elementor-widget-container{height:100%;width:100%}.e-con-inner>.elementor-widget-spacer>.elementor-widget-container>.elementor-spacer,.e-con>.elementor-widget-spacer>.elementor-widget-container>.elementor-spacer{height:100%}.e-con-inner>.elementor-widget-spacer>.elementor-widget-container>.elementor-spacer>.elementor-spacer-inner,.e-con>.elementor-widget-spacer>.elementor-widget-container>.elementor-spacer>.elementor-spacer-inner{height:var(--container-widget-height,var(--spacer-size))}.e-con-inner>.elementor-widget-spacer.elementor-widget-empty,.e-con>.elementor-widget-spacer.elementor-widget-empty{position:relative;min-height:22px;min-width:22px}.e-con-inner>.elementor-widget-spacer.elementor-widget-empty .elementor-widget-empty-icon,.e-con>.elementor-widget-spacer.elementor-widget-empty .elementor-widget-empty-icon{position:absolute;top:0;bottom:0;left:0;right:0;margin:auto;padding:0;width:22px;height:22px}<\/style>\t\t<div class=\"elementor-spacer\">\n\t\t\t<div class=\"elementor-spacer-inner\"><\/div>\n\t\t<\/div>\n\t\t\t\t<\/div>\n\t\t\t\t<\/div>\n\t\t\t\t<div class=\"elementor-element elementor-element-039561d elementor-widget elementor-widget-text-editor\" data-id=\"039561d\" data-element_type=\"widget\" data-widget_type=\"text-editor.default\">\n\t\t\t\t<div class=\"elementor-widget-container\">\n\t\t\t<style>\/*! elementor - v3.20.0 - 11-03-2024 *\/\n.elementor-widget-text-editor.elementor-drop-cap-view-stacked .elementor-drop-cap{background-color:#69727d;color:#fff}.elementor-widget-text-editor.elementor-drop-cap-view-framed .elementor-drop-cap{color:#69727d;border:3px solid;background-color:transparent}.elementor-widget-text-editor:not(.elementor-drop-cap-view-default) .elementor-drop-cap{margin-top:8px}.elementor-widget-text-editor:not(.elementor-drop-cap-view-default) .elementor-drop-cap-letter{width:1em;height:1em}.elementor-widget-text-editor .elementor-drop-cap{float:left;text-align:center;line-height:1;font-size:50px}.elementor-widget-text-editor .elementor-drop-cap-letter{display:inline-block}<\/style>\t\t\t\t<p><span style=\"font-weight: 400;\">Poszukiwanie swoistej dla TRUE drogi artystycznej to r\u00f3wnoczesny rozwoju praktyki pedagogicznej \u2013 pedagogii teatru-ta\u0144ca os\u00f3b niepe\u0142nosprawnych. Obrana metodyka pracy oparta na wy\u0142anianiu potencja\u0142\u00f3w idiom\u00f3w ruchu i rytmu &#8211; u i przez tancerzy z r\u00f3\u017cnymi niepe\u0142nosprawno\u015bciami sta\u0142a si\u0119 zasadniczym motywem ich prospektywnych i prohumanistycznych oddzia\u0142ywa\u0144, tak\u017ce w d\u0105\u017ceniu do zmian spo\u0142ecznych i kulturowych w obszarach emancypacyjnych i obywatelskich.<\/span><\/p>\t\t\t\t\t\t<\/div>\n\t\t\t\t<\/div>\n\t\t\t\t<div class=\"elementor-element elementor-element-6429b75 elementor-widget elementor-widget-text-editor\" data-id=\"6429b75\" data-element_type=\"widget\" data-widget_type=\"text-editor.default\">\n\t\t\t\t<div class=\"elementor-widget-container\">\n\t\t\t\t\t\t\t<h4>BADANIA W DZIA\u0141ANIU Z TANCERZAMI NA W\u00d3ZKACH<\/h4>\t\t\t\t\t\t<\/div>\n\t\t\t\t<\/div>\n\t\t\t\t<div class=\"elementor-element elementor-element-20e41e2 elementor-widget elementor-widget-text-editor\" data-id=\"20e41e2\" data-element_type=\"widget\" data-widget_type=\"text-editor.default\">\n\t\t\t\t<div class=\"elementor-widget-container\">\n\t\t\t\t\t\t\t<p><span style=\"font-weight: 400;\">W ramach poszukiwania <em><strong>\u201etw\u00f3rc\u00f3w dobrych praktyk\u201d<\/strong><\/em> na zaproszenie<em><strong> Konrada Lipowicza<\/strong><\/em> &#8211; instruktora Grupy Ta\u0144ca Towarzyskiego na w\u00f3zkach w Klubie Sportowym Inwalid\u00f3w <em><strong>&#8222;Start&#8221;<\/strong><\/em> w Szczecinie rozpocz\u0119\u0142a si\u0119 w latach 2017-2020 regularna wsp\u00f3\u0142praca z <em><strong>Jerzym N. Grzegorkiem<\/strong><\/em>. Prowadzi\u0142 on cykl warsztat\u00f3w laboratoryjnych z badaniami w dzia\u0142aniu z tancerzami na w\u00f3zkach. W warsztacie brali r\u00f3wnocze\u015bnie czynny udzia\u0142\u00a0 instruktorzy pracuj\u0105cy z tancerzami na co dzie\u0144 w zakresie ta\u0144ca na w\u00f3zkach.<\/span><\/p><p><span style=\"font-weight: 400;\">Celem by\u0142o:<\/span><\/p><p><span style=\"font-weight: 400;\">&#8211; odkrywanie indywidualnych idiom\u00f3w ruchu i rytmu tanecznego u tancerzy na w\u00f3zkach;<\/span><\/p><p><span style=\"font-weight: 400;\">&#8211; kreowanie idiochoreografii \u2013 kompetencji choreograficznych solowych i zbiorowych na bazie odkrywania potencja\u0142\u00f3w idiom\u00f3w ruchu i jego rytmu tancerzy;<\/span><\/p><p><span style=\"font-weight: 400;\">&#8211; wspieranie kszta\u0142cenia kompetencji instruktor\u00f3w konkretnego stylu tanecznego do otwierania si\u0119 na podejmowanie pr\u00f3b wprowadzania nowych element\u00f3w, pochodz\u0105cych z r\u00f3\u017cnych styl\u00f3w;<\/span><\/p><p><span style=\"font-weight: 400;\">\u00a0&#8211;\u00a0 <\/span><span style=\"font-weight: 400;\">kszta\u0142cenie kompetencji instruktor\u00f3w do pracy tw\u00f3rczej z tancerzem niepe\u0142nosprawnym skierowane by\u0142o r\u00f3wnocze\u015bnie na umiej\u0119tno\u015bci odkrywania indywidualnych zakres\u00f3w ruchu, a tym samym \u015bwiadomego korzystania z indywidualnych mo\u017cliwo\u015bci tancerza niepe\u0142nosprawnego.<\/span><\/p>\t\t\t\t\t\t<\/div>\n\t\t\t\t<\/div>\n\t\t\t\t<div class=\"elementor-element elementor-element-f7cb7b3 elementor-widget elementor-widget-spacer\" data-id=\"f7cb7b3\" data-element_type=\"widget\" data-widget_type=\"spacer.default\">\n\t\t\t\t<div class=\"elementor-widget-container\">\n\t\t\t\t\t<div class=\"elementor-spacer\">\n\t\t\t<div class=\"elementor-spacer-inner\"><\/div>\n\t\t<\/div>\n\t\t\t\t<\/div>\n\t\t\t\t<\/div>\n\t\t\t\t\t<\/div>\n\t\t\t\t<\/div>\n\t\t<div class=\"elementor-element elementor-element-ccb740b e-flex e-con-boxed e-con e-parent\" data-id=\"ccb740b\" data-element_type=\"container\" data-core-v316-plus=\"true\">\n\t\t\t\t\t<div class=\"e-con-inner\">\n\t\t\t\t<div class=\"elementor-element elementor-element-a5de37f elementor-widget__width-initial elementor-widget elementor-widget-spacer\" data-id=\"a5de37f\" data-element_type=\"widget\" data-widget_type=\"spacer.default\">\n\t\t\t\t<div class=\"elementor-widget-container\">\n\t\t\t\t\t<div class=\"elementor-spacer\">\n\t\t\t<div class=\"elementor-spacer-inner\"><\/div>\n\t\t<\/div>\n\t\t\t\t<\/div>\n\t\t\t\t<\/div>\n\t\t<div class=\"elementor-element elementor-element-9055fbe e-con-full e-flex e-con e-child\" data-id=\"9055fbe\" data-element_type=\"container\">\n\t\t\t\t<div class=\"elementor-element elementor-element-9b989e9 elementor-widget elementor-widget-image\" data-id=\"9b989e9\" data-element_type=\"widget\" data-widget_type=\"image.default\">\n\t\t\t\t<div class=\"elementor-widget-container\">\n\t\t\t<style>\/*! elementor - v3.20.0 - 11-03-2024 *\/\n.elementor-widget-image{text-align:center}.elementor-widget-image a{display:inline-block}.elementor-widget-image a img[src$=\".svg\"]{width:48px}.elementor-widget-image img{vertical-align:middle;display:inline-block}<\/style>\t\t\t\t\t\t\t\t\t\t<img fetchpriority=\"high\" decoding=\"async\" width=\"407\" height=\"186\" src=\"https:\/\/teatrtrue.pl\/wp-content\/uploads\/2024\/01\/Przechwytywanie4.jpg\" class=\"attachment-full size-full wp-image-7740\" alt=\"\" srcset=\"https:\/\/teatrtrue.pl\/wp-content\/uploads\/2024\/01\/Przechwytywanie4.jpg 407w, https:\/\/teatrtrue.pl\/wp-content\/uploads\/2024\/01\/Przechwytywanie4-300x137.jpg 300w\" sizes=\"(max-width: 407px) 100vw, 407px\" \/>\t\t\t\t\t\t\t\t\t\t\t\t\t<\/div>\n\t\t\t\t<\/div>\n\t\t\t\t<\/div>\n\t\t<div class=\"elementor-element elementor-element-652af27 e-con-full e-flex e-con e-child\" data-id=\"652af27\" data-element_type=\"container\">\n\t\t\t\t<div class=\"elementor-element elementor-element-ad69117 elementor-widget elementor-widget-image\" data-id=\"ad69117\" data-element_type=\"widget\" data-widget_type=\"image.default\">\n\t\t\t\t<div class=\"elementor-widget-container\">\n\t\t\t\t\t\t\t\t\t\t\t\t\t<img decoding=\"async\" width=\"281\" height=\"218\" src=\"https:\/\/teatrtrue.pl\/wp-content\/uploads\/2024\/01\/Przechwytywanie5.jpg\" class=\"attachment-medium size-medium wp-image-7741\" alt=\"\" \/>\t\t\t\t\t\t\t\t\t\t\t\t\t<\/div>\n\t\t\t\t<\/div>\n\t\t\t\t<\/div>\n\t\t<div class=\"elementor-element elementor-element-1aa685d e-con-full e-flex e-con e-child\" data-id=\"1aa685d\" data-element_type=\"container\">\n\t\t\t\t<div class=\"elementor-element elementor-element-064c047 elementor-widget elementor-widget-image\" data-id=\"064c047\" data-element_type=\"widget\" data-widget_type=\"image.default\">\n\t\t\t\t<div class=\"elementor-widget-container\">\n\t\t\t\t\t\t\t\t\t\t\t\t\t<img decoding=\"async\" width=\"225\" height=\"126\" src=\"https:\/\/teatrtrue.pl\/wp-content\/uploads\/2024\/01\/Przechwytywanie6.jpg\" class=\"attachment-large size-large wp-image-7742\" alt=\"\" \/>\t\t\t\t\t\t\t\t\t\t\t\t\t<\/div>\n\t\t\t\t<\/div>\n\t\t\t\t<\/div>\n\t\t<div class=\"elementor-element elementor-element-4860926 e-con-full e-flex e-con e-child\" data-id=\"4860926\" data-element_type=\"container\">\n\t\t\t\t<div class=\"elementor-element elementor-element-995efe8 elementor-widget elementor-widget-image\" data-id=\"995efe8\" data-element_type=\"widget\" data-widget_type=\"image.default\">\n\t\t\t\t<div class=\"elementor-widget-container\">\n\t\t\t\t\t\t\t\t\t\t\t\t\t<img loading=\"lazy\" decoding=\"async\" width=\"202\" height=\"113\" src=\"https:\/\/teatrtrue.pl\/wp-content\/uploads\/2024\/01\/Przechwytywanie7.jpg\" class=\"attachment-large size-large wp-image-7743\" alt=\"\" \/>\t\t\t\t\t\t\t\t\t\t\t\t\t<\/div>\n\t\t\t\t<\/div>\n\t\t\t\t<\/div>\n\t\t\t\t\t<\/div>\n\t\t\t\t<\/div>\n\t\t\t\t<\/div>\n\t\t","protected":false},"excerpt":{"rendered":"<p>BADANIA Poszukiwanie swoistej dla TRUE drogi artystycznej to r\u00f3wnoczesny rozwoju praktyki pedagogicznej \u2013 pedagogii teatru-ta\u0144ca os\u00f3b niepe\u0142nosprawnych. Obrana metodyka pracy oparta na wy\u0142anianiu potencja\u0142\u00f3w idiom\u00f3w ruchu i rytmu &#8211; u [&hellip;]<\/p>\n","protected":false},"author":1,"featured_media":0,"parent":0,"menu_order":0,"comment_status":"closed","ping_status":"closed","template":"page-full-width.php","meta":{"_mc_calendar":[],"footnotes":""},"class_list":["post-2545","page","type-page","status-publish","hentry"],"_links":{"self":[{"href":"https:\/\/teatrtrue.pl\/index.php?rest_route=\/wp\/v2\/pages\/2545","targetHints":{"allow":["GET"]}}],"collection":[{"href":"https:\/\/teatrtrue.pl\/index.php?rest_route=\/wp\/v2\/pages"}],"about":[{"href":"https:\/\/teatrtrue.pl\/index.php?rest_route=\/wp\/v2\/types\/page"}],"author":[{"embeddable":true,"href":"https:\/\/teatrtrue.pl\/index.php?rest_route=\/wp\/v2\/users\/1"}],"replies":[{"embeddable":true,"href":"https:\/\/teatrtrue.pl\/index.php?rest_route=%2Fwp%2Fv2%2Fcomments&post=2545"}],"version-history":[{"count":52,"href":"https:\/\/teatrtrue.pl\/index.php?rest_route=\/wp\/v2\/pages\/2545\/revisions"}],"predecessor-version":[{"id":9409,"href":"https:\/\/teatrtrue.pl\/index.php?rest_route=\/wp\/v2\/pages\/2545\/revisions\/9409"}],"wp:attachment":[{"href":"https:\/\/teatrtrue.pl\/index.php?rest_route=%2Fwp%2Fv2%2Fmedia&parent=2545"}],"curies":[{"name":"wp","href":"https:\/\/api.w.org\/{rel}","templated":true}]}}