{"id":2182,"date":"2021-05-14T15:35:00","date_gmt":"2021-05-14T15:35:00","guid":{"rendered":"https:\/\/gracey.qodeinteractive.com\/?page_id=2182"},"modified":"2025-02-08T13:39:51","modified_gmt":"2025-02-08T12:39:51","slug":"about-me","status":"publish","type":"page","link":"https:\/\/teatrtrue.pl\/?page_id=2182","title":{"rendered":"Obecny proces tw\u00f3rczy"},"content":{"rendered":"\t\t<div data-elementor-type=\"wp-page\" data-elementor-id=\"2182\" class=\"elementor elementor-2182\">\n\t\t\t\t<div class=\"elementor-element elementor-element-3b36571 e-flex e-con-boxed e-con e-parent\" data-id=\"3b36571\" data-element_type=\"container\" data-core-v316-plus=\"true\">\n\t\t\t\t\t<div class=\"e-con-inner\">\n\t\t\t\t<div class=\"elementor-element elementor-element-bc9fa59 elementor-widget elementor-widget-heading\" data-id=\"bc9fa59\" data-element_type=\"widget\" data-widget_type=\"heading.default\">\n\t\t\t\t<div class=\"elementor-widget-container\">\n\t\t\t<style>\/*! elementor - v3.20.0 - 11-03-2024 *\/\n.elementor-heading-title{padding:0;margin:0;line-height:1}.elementor-widget-heading .elementor-heading-title[class*=elementor-size-]>a{color:inherit;font-size:inherit;line-height:inherit}.elementor-widget-heading .elementor-heading-title.elementor-size-small{font-size:15px}.elementor-widget-heading .elementor-heading-title.elementor-size-medium{font-size:19px}.elementor-widget-heading .elementor-heading-title.elementor-size-large{font-size:29px}.elementor-widget-heading .elementor-heading-title.elementor-size-xl{font-size:39px}.elementor-widget-heading .elementor-heading-title.elementor-size-xxl{font-size:59px}<\/style><h2 class=\"elementor-heading-title elementor-size-xxl\">OBECNY PROCES TW\u00d3RCZY<\/h2>\t\t<\/div>\n\t\t\t\t<\/div>\n\t\t\t\t<div class=\"elementor-element elementor-element-7f8140c elementor-widget elementor-widget-spacer\" data-id=\"7f8140c\" data-element_type=\"widget\" data-widget_type=\"spacer.default\">\n\t\t\t\t<div class=\"elementor-widget-container\">\n\t\t\t<style>\/*! elementor - v3.20.0 - 11-03-2024 *\/\n.elementor-column .elementor-spacer-inner{height:var(--spacer-size)}.e-con{--container-widget-width:100%}.e-con-inner>.elementor-widget-spacer,.e-con>.elementor-widget-spacer{width:var(--container-widget-width,var(--spacer-size));--align-self:var(--container-widget-align-self,initial);--flex-shrink:0}.e-con-inner>.elementor-widget-spacer>.elementor-widget-container,.e-con>.elementor-widget-spacer>.elementor-widget-container{height:100%;width:100%}.e-con-inner>.elementor-widget-spacer>.elementor-widget-container>.elementor-spacer,.e-con>.elementor-widget-spacer>.elementor-widget-container>.elementor-spacer{height:100%}.e-con-inner>.elementor-widget-spacer>.elementor-widget-container>.elementor-spacer>.elementor-spacer-inner,.e-con>.elementor-widget-spacer>.elementor-widget-container>.elementor-spacer>.elementor-spacer-inner{height:var(--container-widget-height,var(--spacer-size))}.e-con-inner>.elementor-widget-spacer.elementor-widget-empty,.e-con>.elementor-widget-spacer.elementor-widget-empty{position:relative;min-height:22px;min-width:22px}.e-con-inner>.elementor-widget-spacer.elementor-widget-empty .elementor-widget-empty-icon,.e-con>.elementor-widget-spacer.elementor-widget-empty .elementor-widget-empty-icon{position:absolute;top:0;bottom:0;left:0;right:0;margin:auto;padding:0;width:22px;height:22px}<\/style>\t\t<div class=\"elementor-spacer\">\n\t\t\t<div class=\"elementor-spacer-inner\"><\/div>\n\t\t<\/div>\n\t\t\t\t<\/div>\n\t\t\t\t<\/div>\n\t\t\t\t\t<\/div>\n\t\t\t\t<\/div>\n\t\t<div class=\"elementor-element elementor-element-53e502e e-flex e-con-boxed e-con e-parent\" data-id=\"53e502e\" data-element_type=\"container\" data-core-v316-plus=\"true\">\n\t\t\t\t\t<div class=\"e-con-inner\">\n\t\t\t\t<div class=\"elementor-element elementor-element-b6e17c0 elementor-widget elementor-widget-text-editor\" data-id=\"b6e17c0\" data-element_type=\"widget\" data-widget_type=\"text-editor.default\">\n\t\t\t\t<div class=\"elementor-widget-container\">\n\t\t\t<style>\/*! elementor - v3.20.0 - 11-03-2024 *\/\n.elementor-widget-text-editor.elementor-drop-cap-view-stacked .elementor-drop-cap{background-color:#69727d;color:#fff}.elementor-widget-text-editor.elementor-drop-cap-view-framed .elementor-drop-cap{color:#69727d;border:3px solid;background-color:transparent}.elementor-widget-text-editor:not(.elementor-drop-cap-view-default) .elementor-drop-cap{margin-top:8px}.elementor-widget-text-editor:not(.elementor-drop-cap-view-default) .elementor-drop-cap-letter{width:1em;height:1em}.elementor-widget-text-editor .elementor-drop-cap{float:left;text-align:center;line-height:1;font-size:50px}.elementor-widget-text-editor .elementor-drop-cap-letter{display:inline-block}<\/style>\t\t\t\t<h4>MONODRAM<\/h4>\t\t\t\t\t\t<\/div>\n\t\t\t\t<\/div>\n\t\t\t\t\t<\/div>\n\t\t\t\t<\/div>\n\t\t<div class=\"elementor-element elementor-element-385dea8 e-flex e-con-boxed e-con e-parent\" data-id=\"385dea8\" data-element_type=\"container\" data-core-v316-plus=\"true\">\n\t\t\t\t\t<div class=\"e-con-inner\">\n\t\t\t\t<div class=\"elementor-element elementor-element-864e790 elementor-widget elementor-widget-text-editor\" data-id=\"864e790\" data-element_type=\"widget\" data-widget_type=\"text-editor.default\">\n\t\t\t\t<div class=\"elementor-widget-container\">\n\t\t\t\t\t\t\t<h5>SCENARIUSZ DLA NIEWIDOMEGO LECZ MO\u017bLIWEGO<\/h5><h5>TANCERZA IDIOSENSORYCZNEGO<\/h5>\t\t\t\t\t\t<\/div>\n\t\t\t\t<\/div>\n\t\t\t\t\t<\/div>\n\t\t\t\t<\/div>\n\t\t<div class=\"elementor-element elementor-element-46519a1 e-flex e-con-boxed e-con e-parent\" data-id=\"46519a1\" data-element_type=\"container\" data-core-v316-plus=\"true\">\n\t\t\t\t\t<div class=\"e-con-inner\">\n\t\t<div class=\"elementor-element elementor-element-17816f6 e-con-full e-flex e-con e-child\" data-id=\"17816f6\" data-element_type=\"container\">\n\t\t\t\t<div class=\"elementor-element elementor-element-c2c3c21 elementor-widget elementor-widget-text-editor\" data-id=\"c2c3c21\" data-element_type=\"widget\" data-widget_type=\"text-editor.default\">\n\t\t\t\t<div class=\"elementor-widget-container\">\n\t\t\t\t\t\t\t<p>Na podstawie rozm\u00f3w biograficznych autora z niewidomym tancerzem-aktorem z odwo\u0142aniami do utworu &#8222;Moskwa-Pietuszki&#8221; Wieniedikta Jerofiejewa\u00a0<\/p><p>\u00a0<\/p><p><strong>AUTOR<\/strong><\/p><p>Jerzy Norbert Grzegorek<\/p><p><strong>WYKONANIE<\/strong><\/p><p>Kacper Koz\u0142owski<\/p><p>tancerz-aktor niewidomy<\/p><p><strong>RE\u017bYSERIA I SCENOGRAFIA<\/strong><\/p><p>Jerzy Norbert Grzegorek\u00a0<\/p><p>\u00a0<\/p><p>Czas: 45 minut<\/p><p>Scenografia: MASZYNA IDIOSENSORYCZNA<\/p>\t\t\t\t\t\t<\/div>\n\t\t\t\t<\/div>\n\t\t\t\t<\/div>\n\t\t<div class=\"elementor-element elementor-element-ad6b03f e-con-full e-flex e-con e-child\" data-id=\"ad6b03f\" data-element_type=\"container\">\n\t\t\t\t<div class=\"elementor-element elementor-element-6da011a elementor-widget elementor-widget-image\" data-id=\"6da011a\" data-element_type=\"widget\" data-widget_type=\"image.default\">\n\t\t\t\t<div class=\"elementor-widget-container\">\n\t\t\t<style>\/*! elementor - v3.20.0 - 11-03-2024 *\/\n.elementor-widget-image{text-align:center}.elementor-widget-image a{display:inline-block}.elementor-widget-image a img[src$=\".svg\"]{width:48px}.elementor-widget-image img{vertical-align:middle;display:inline-block}<\/style>\t\t\t\t\t\t\t<figure class=\"wp-caption\">\n\t\t\t\t\t\t\t\t\t\t<img decoding=\"async\" src=\"https:\/\/teatrtrue.pl\/wp-content\/uploads\/2024\/08\/plakat-piotr-depta-klesta_b1_cmyk.jpg\" title=\"plakat piotr depta-kle\u015bta_b1_cmyk\" alt=\"plakat piotr depta-kle\u015bta_b1_cmyk\" loading=\"lazy\" \/>\t\t\t\t\t\t\t\t\t\t\t<figcaption class=\"widget-image-caption wp-caption-text\">Autor plakatu: dr Piotr Depta - Kle\u015bta<\/figcaption>\n\t\t\t\t\t\t\t\t\t\t<\/figure>\n\t\t\t\t\t\t\t<\/div>\n\t\t\t\t<\/div>\n\t\t\t\t<\/div>\n\t\t\t\t\t<\/div>\n\t\t\t\t<\/div>\n\t\t<div class=\"elementor-element elementor-element-3742077 e-flex e-con-boxed e-con e-parent\" data-id=\"3742077\" data-element_type=\"container\" data-core-v316-plus=\"true\">\n\t\t\t\t\t<div class=\"e-con-inner\">\n\t\t\t\t<div class=\"elementor-element elementor-element-f81f011 elementor-widget elementor-widget-text-editor\" data-id=\"f81f011\" data-element_type=\"widget\" data-widget_type=\"text-editor.default\">\n\t\t\t\t<div class=\"elementor-widget-container\">\n\t\t\t\t\t\t\t<p><strong>PREMIERA:<\/strong> Scena Domu Kultury \u201eKRZEMIE\u0143\u201d w Szczecinie 29 listopada 2024 r. podczas ca\u0142odniowego spotkania \u2013 PANELU: \u00a0AKTWNI PRZEZ SZTUK\u0118 \u2013 SZTUK\u0104 SPRAWNIEJSI \u2013 z ewaluacj\u0105 projektu:<\/p><p>POSZERZANIE GRANIC AKTYWNO\u015aCI TW\u00d3RCZEJ I EDUKACYJNEJ PRZEZ SZTUK\u0118 I DLA SZTUKI OS\u00d3B Z NIEPE\u0141NOSPRAWNO\u015aCIAMI. \u201eAKTYWNI PRZEZ SZTUK\u0118 \u2013 SZTUK\u0104 SPRAWNIEJSI\u201d<\/p>\t\t\t\t\t\t<\/div>\n\t\t\t\t<\/div>\n\t\t\t\t\t<\/div>\n\t\t\t\t<\/div>\n\t\t<div class=\"elementor-element elementor-element-6c1fed1 e-flex e-con-boxed e-con e-parent\" data-id=\"6c1fed1\" data-element_type=\"container\" data-core-v316-plus=\"true\">\n\t\t\t\t\t<div class=\"e-con-inner\">\n\t\t<div class=\"elementor-element elementor-element-fbe3b1e e-con-full e-flex e-con e-child\" data-id=\"fbe3b1e\" data-element_type=\"container\">\n\t\t\t\t<div class=\"elementor-element elementor-element-e4063fa elementor-widget elementor-widget-image\" data-id=\"e4063fa\" data-element_type=\"widget\" data-widget_type=\"image.default\">\n\t\t\t\t<div class=\"elementor-widget-container\">\n\t\t\t\t\t\t\t\t\t\t\t\t\t<img decoding=\"async\" src=\"https:\/\/teatrtrue.pl\/wp-content\/uploads\/2025\/02\/Wydarzenie.png\" title=\"Wydarzenie\" alt=\"Wydarzenie\" loading=\"lazy\" \/>\t\t\t\t\t\t\t\t\t\t\t\t\t<\/div>\n\t\t\t\t<\/div>\n\t\t\t\t<\/div>\n\t\t<div class=\"elementor-element elementor-element-cadf44b e-con-full e-flex e-con e-child\" data-id=\"cadf44b\" data-element_type=\"container\">\n\t\t\t\t<div class=\"elementor-element elementor-element-7bcd497 elementor-widget elementor-widget-text-editor\" data-id=\"7bcd497\" data-element_type=\"widget\" data-widget_type=\"text-editor.default\">\n\t\t\t\t<div class=\"elementor-widget-container\">\n\t\t\t\t\t\t\t<p><strong>ZAPROSZENIE DO UDZIA\u0141U W WYDA\u017bENIU<\/strong><\/p><p><strong>29 Listopada 2024<\/strong><\/p><p><strong>FINA\u0141 PROJEKT\u00d3W FUNDACJI O\u015aRODEK<\/strong><\/p><p><strong>PRAKTYK TEATRALNO &#8211; TANECZNYCH TRUE <\/strong><\/p><p><strong>&#8222;AKTYWNI PRZEZ SZTUK\u0118- SZTUK\u0104 SPRAWNIEJSI&#8221;<\/strong><\/p><p><strong>Miejsce: Dom Kultury &#8222;Krzemie\u0144&#8221; w Szczecinie ul. <\/strong><strong>Krzemienna 10<\/strong><\/p><p><strong><u>Program dnia:<\/u><\/strong><\/p><p><strong>10.00 &#8211; 12.00 WYSTAWA Z BIOGRAFICZN\u0104<\/strong><\/p><p><strong>NARRACJ\u0104 (NIEPE\u0141NO)SPRAWNY SZTUK\u0104<\/strong><\/p><p>WYSTAWA INTERAKTYWNA: malarstwo, rze\u017aba, grafika: Karol Pabich<\/p><p>Malowanie ustami w praktyce i biograficznej narracji: Walery Siejbata\u0142ow<\/p><p><strong>12.00 &#8211; 14.30<\/strong><\/p><p><strong>MASZYNAIDIOSENSORYCZNA: IDEA-NOWATORSKIE ROZWI\u0104ZANIA DLA TA\u0143CA<\/strong><\/p><p><strong>I TEATRU, TERAPII, REHABILITACJI I SPORTU OS\u00d3B Z NIEPE\u0141NOSPRAWNO\u015aCIAMI<\/strong><\/p><p><strong>MASZYNA IDIOSENSORYCZNA:<\/strong><\/p><p>Prezentacja i udost\u0119pnienie urz\u0105dzenia wszystkim uczestnikom wydarzenia celem zapoznania si\u0119<\/p><p>z jej budow\u0105, funkcjami i dzia\u0142aniem.<\/p><p><strong>14.40 -15.40<\/strong><\/p><p><strong>ETIUDY IDIOCHOREOGRAFICZNE NA<\/strong><\/p><p><strong>MASZYNIE IDIOSENSORYCZNEJ\/ GO\u015aCIE &#8211; TANCERZE Z POLSKI<\/strong><\/p><p>Prezentacja tw\u00f3rczo\u015bci scenicznej tancerzy z niepe\u0142nosprawno\u015bciami z wykorzystaniem potencja\u0142\u00f3w MASZYNY IDIOSENSORYCZNEJ<\/p><p>Tancerze-Aktorzy Teatru Ruchu Umownie Ewidentnego TRUE<\/p><p>GO\u015aCIE -TANCERZE z Polski<\/p><p><strong>16.00 &#8211; 17.40<\/strong><\/p><p><strong>PANEL SPO\u0141ECZNY &#8222;AKTYWNI PRZEZ SZTUK\u0118<\/strong><\/p><p><strong>SZTUK\u0104 SPRAWNIEJSI&#8221;<\/strong><\/p><p><strong>MODEROWANA DYSKUSJA<\/strong><\/p><p>z przedstawicielami w\u0142adz wojew\u00f3dztwa<\/p><p>zachodniopomorskiego, instytucji publicznych, kt\u00f3rych g\u0142\u00f3wnym celem jest zapewnienie wsparcia<\/p><p>osobom niepe\u0142nosprawnym w ich rehabilitacji oraz integracji spo\u0142ecznej i zawodowej,<\/p><p>organizacji pozarz\u0105dowych nauki, kultury i edukacji.<\/p><p><strong>18.00 MONODRAM &#8211; PREMIERA<\/strong><\/p><p><strong>&#8222;SCENARIUSZ DLA NIEWIDOMEGO<\/strong><\/p><p><strong>LECZ MO\u017bLIWEGO TANCERZA<\/strong><\/p><p><strong>IDIOSENSORYCZNEGO&#8221;<\/strong><\/p><p>AUTOR Jerzy Norbert Grzegorek<\/p><p>WYKONANIE Kacper Koz\u0142owski- tancerz-aktor niewidomy<\/p><p>RE\u017bYSERIA I SCENOGRAFIA<\/p><p>Jerzy Norbert Grzegorek<\/p><p>Czas: 85 minut \/<\/p><p>Scenografia i przestrze\u0144 ruchu:<\/p><p>MASZYNA IDIOSENSORYCZNA<\/p>\t\t\t\t\t\t<\/div>\n\t\t\t\t<\/div>\n\t\t\t\t<\/div>\n\t\t\t\t\t<\/div>\n\t\t\t\t<\/div>\n\t\t<div class=\"elementor-element elementor-element-e5e4a4e e-flex e-con-boxed e-con e-parent\" data-id=\"e5e4a4e\" data-element_type=\"container\" data-core-v316-plus=\"true\">\n\t\t\t\t\t<div class=\"e-con-inner\">\n\t\t<div class=\"elementor-element elementor-element-eed5f8e e-con-full e-flex e-con e-child\" data-id=\"eed5f8e\" data-element_type=\"container\">\n\t\t\t\t<div class=\"elementor-element elementor-element-fdba510 elementor-widget elementor-widget-text-editor\" data-id=\"fdba510\" data-element_type=\"widget\" data-widget_type=\"text-editor.default\">\n\t\t\t\t<div class=\"elementor-widget-container\">\n\t\t\t\t\t\t\t<p><strong>OPIS WYDARZENIA <\/strong><\/p><p>W ramach przyznanej dotacji Fundacja TRUE mia\u0142a mo\u017cliwo\u015b\u0107 doskonali\u0107 i testowa\u0107 Maszyn\u0119 Idiosensoryczn\u0105. W testach wzi\u0119\u0142y udzia\u0142 O\u015brodki z Wojew\u00f3dztwa Zachodniopomorskiego: O\u015brodek Wsparcia dla Dzieci, M\u0142odzie\u017cy i Doros\u0142ych w Szczecinie;\u00a0 Klub sportowy START w Szczecinie i Sekcja Ta\u0144ca Towarzyskiego na w\u00f3zkach Szczecin; Polski Zwi\u0105zek Niewidomych Okr\u0119g Zachodniopomorski Ko\u0142o w Goleniowie. Fundacja TRUE mia\u0142a zaszczyt zaprezentowa\u0107 Maszyn\u0119 Idiosensoryczn\u0105 na Mi\u0119dzynarodowej Konferencji REHA FOR THE BLIND IN POLAND W Centrum Nauki Kopernik\u00a0 i Mi\u0119dzynarodowej Wystawie ACCESIBILITY EXPO 2024 z wystaw\u0105 w Pa\u0142acu Kultury i Nauki w Warszawie oraz Og\u00f3lnopolskiej Konferencji Choreologicznej 2024 w Rzeszowie.<\/p><p>Podczas fina\u0142u odb\u0119dzie si\u0119 wystawa malarstwa, rze\u017ab i grafik artyst\u00f3w z niepe\u0142nosprawno\u015bciami z wojew\u00f3dztwa Zachodniopomorskiego. Maszyna Idiosensoryczna zostanie udost\u0119pniona wszystkim uczestnikom celem zapoznana si\u0119 z jej funkcjami i dzia\u0142aniem.<\/p><p>Fundacja TRUE wraz z tancerzami-aktorami Teatru TRUE zaprezentuje podczas wydarzenia efekt pracy warsztatowej i tw\u00f3rczej na Maszynie Idiosensorycznej w postaci etiud idiochoreograficznych.<\/p><p>Odb\u0119dzie si\u0119 Panel dyskusyjny gdzie przedstawiciele w\u0142adz wojew\u00f3dztwa Zachodniopomorskiego, instytucji publicznych kt\u00f3rych g\u0142\u00f3wnym celem jest zapewnienie wsparcia osobom niepe\u0142nosprawnym w ich rehabilitacji oraz integracji spo\u0142ecznej i zawodowej, organizacji pozarz\u0105dowych, przedstawicieli nauki, kultury, sztuki i edukacji dokonaj\u0105 pr\u00f3by odpowiedzi na pytania o obecno\u015b\u0107 os\u00f3b niepe\u0142nosprawnych w przestrzeni sztuki w \u017cyciu spo\u0142ecznym i zawodowym.<\/p><p>G\u0142\u00f3wnym punktem artystycznym b\u0119dzie Premiera Monodramu \u201eScenariusz dla niewidomego lecz mo\u017cliwego tancerza idiosensorycznego\u201d Na podstawie rozm\u00f3w biograficznych autora, re\u017cysera i scenografa Jerzego Norberta Grzegorka z niewidomym tancerzem-aktorem z odwo\u0142aniami do utworu \u201eMoskwa-Pietuszki\u201d Wieniedikta Jerofiejewa w wykonaniu Kacper Koz\u0142owski \u2013 tancerz-aktor niewidomy.<\/p>\t\t\t\t\t\t<\/div>\n\t\t\t\t<\/div>\n\t\t\t\t<\/div>\n\t\t<div class=\"elementor-element elementor-element-a814c74 e-con-full e-flex e-con e-child\" data-id=\"a814c74\" data-element_type=\"container\">\n\t\t\t\t<div class=\"elementor-element elementor-element-83003e9 elementor-widget elementor-widget-text-editor\" data-id=\"83003e9\" data-element_type=\"widget\" data-widget_type=\"text-editor.default\">\n\t\t\t\t<div class=\"elementor-widget-container\">\n\t\t\t\t\t\t\t<p>\u00a0<\/p><p><strong>Realizacja w ramach:<\/strong><\/p><p>Zadania publicznego finansowanego \u017ce \u015brodk\u00f3w\u00a0 Pa\u0144stwowego Funduszu Rehabilitacji Os\u00f3b Niepe\u0142nosprawnych przekazanych przez Regionalny O\u015brodek Polityki Spo\u0142ecznej UM\/ Pomorze Zachodnie:<\/p><p><em>&#8222;POSZERZANIE GRANIC AKTYWNO\u015aCI TW\u00d3RCZEJ I EDUKACYJNEJ PRZEZ SZTUK\u0118 I DLA SZTUKI OS\u00d3B Z NIEPE\u0141NOSPR\u00c0WNO\u015aCIAMI<\/em><\/p><p><em>&#8222;AKTYWNI PRZEZ SZTUK\u0118 &#8211; SZTUK\u0104 SPRAWNIEJSI&#8221;<\/em>\u00a0<\/p><p><strong>WYDARZENIE ZOSTA\u0141O OBIETR PATRONATEM HONOROWYM MARSZA\u0141KA WOJEW\u00d3DZTWA ZACHODNIOPOMORSKIEGO PANA OLGIERDA GEBLEWICZA<\/strong><\/p><p>oraz<\/p><p>Grantu ze \u015brodk\u00f3w KPO przekazanych za po\u015brednictwem Narodowego\u00a0 \u00a0Instytutu Muzyki i Ta\u0144ca:<\/p><p><em>&#8222;MASZYNA IDIOSENSORYCZNA JAKO INNOWACYJNE URZ\u0104DZENIE NADBUDOWY PRZESTRZENI ORAZ OPRACOWANIA STRUKTUR RUCHU I RYTMU TANCERZA Z NIEPE\u0141NOSPRAWNO\u015aCI\u0104 WZROKU W METODYCE I POTENCJA\u0141ACH TW\u00d3RCZYCH, REHABILITACYJNYCH I SPORTOWYCH\u201d<\/em><\/p>\t\t\t\t\t\t<\/div>\n\t\t\t\t<\/div>\n\t\t\t\t<div class=\"elementor-element elementor-element-366eb04 elementor-widget elementor-widget-image\" data-id=\"366eb04\" data-element_type=\"widget\" data-widget_type=\"image.default\">\n\t\t\t\t<div class=\"elementor-widget-container\">\n\t\t\t\t\t\t\t\t\t\t\t\t\t<img fetchpriority=\"high\" decoding=\"async\" width=\"1024\" height=\"131\" src=\"https:\/\/teatrtrue.pl\/wp-content\/uploads\/2025\/02\/KPO_piziom-logo-1024x131.png\" class=\"attachment-large size-large wp-image-9612\" alt=\"\" srcset=\"https:\/\/teatrtrue.pl\/wp-content\/uploads\/2025\/02\/KPO_piziom-logo-1024x131.png 1024w, https:\/\/teatrtrue.pl\/wp-content\/uploads\/2025\/02\/KPO_piziom-logo-300x38.png 300w, https:\/\/teatrtrue.pl\/wp-content\/uploads\/2025\/02\/KPO_piziom-logo-768x98.png 768w, https:\/\/teatrtrue.pl\/wp-content\/uploads\/2025\/02\/KPO_piziom-logo-1536x197.png 1536w, https:\/\/teatrtrue.pl\/wp-content\/uploads\/2025\/02\/KPO_piziom-logo-2048x262.png 2048w\" sizes=\"(max-width: 1024px) 100vw, 1024px\" \/>\t\t\t\t\t\t\t\t\t\t\t\t\t<\/div>\n\t\t\t\t<\/div>\n\t\t\t\t<\/div>\n\t\t\t\t\t<\/div>\n\t\t\t\t<\/div>\n\t\t<div class=\"elementor-element elementor-element-eb76bc6 e-flex e-con-boxed e-con e-parent\" data-id=\"eb76bc6\" data-element_type=\"container\" data-core-v316-plus=\"true\">\n\t\t\t\t\t<div class=\"e-con-inner\">\n\t\t<div class=\"elementor-element elementor-element-a9bc106 e-con-full e-flex e-con e-child\" data-id=\"a9bc106\" data-element_type=\"container\">\n\t\t\t\t<div class=\"elementor-element elementor-element-7df959e elementor-widget__width-initial elementor-widget elementor-widget-image\" data-id=\"7df959e\" data-element_type=\"widget\" data-widget_type=\"image.default\">\n\t\t\t\t<div class=\"elementor-widget-container\">\n\t\t\t\t\t\t\t\t\t\t\t\t\t<img decoding=\"async\" width=\"300\" height=\"159\" src=\"https:\/\/teatrtrue.pl\/wp-content\/uploads\/2024\/07\/PFRON_wersja_podstawowa_RGB-01-300x159.jpg\" class=\"attachment-medium size-medium wp-image-9257\" alt=\"\" srcset=\"https:\/\/teatrtrue.pl\/wp-content\/uploads\/2024\/07\/PFRON_wersja_podstawowa_RGB-01-300x159.jpg 300w, https:\/\/teatrtrue.pl\/wp-content\/uploads\/2024\/07\/PFRON_wersja_podstawowa_RGB-01-1024x541.jpg 1024w, https:\/\/teatrtrue.pl\/wp-content\/uploads\/2024\/07\/PFRON_wersja_podstawowa_RGB-01-768x406.jpg 768w, https:\/\/teatrtrue.pl\/wp-content\/uploads\/2024\/07\/PFRON_wersja_podstawowa_RGB-01-1536x812.jpg 1536w, https:\/\/teatrtrue.pl\/wp-content\/uploads\/2024\/07\/PFRON_wersja_podstawowa_RGB-01-2048x1083.jpg 2048w\" sizes=\"(max-width: 300px) 100vw, 300px\" \/>\t\t\t\t\t\t\t\t\t\t\t\t\t<\/div>\n\t\t\t\t<\/div>\n\t\t\t\t<\/div>\n\t\t<div class=\"elementor-element elementor-element-de59340 e-con-full e-flex e-con e-child\" data-id=\"de59340\" data-element_type=\"container\">\n\t\t\t\t<div class=\"elementor-element elementor-element-96de79f elementor-widget elementor-widget-image\" data-id=\"96de79f\" data-element_type=\"widget\" data-widget_type=\"image.default\">\n\t\t\t\t<div class=\"elementor-widget-container\">\n\t\t\t\t\t\t\t\t\t\t\t\t\t<img decoding=\"async\" width=\"300\" height=\"200\" src=\"https:\/\/teatrtrue.pl\/wp-content\/uploads\/2024\/07\/pomorze-zachodnie-logo_duze-300x200.jpg\" class=\"attachment-medium size-medium wp-image-9256\" alt=\"\" srcset=\"https:\/\/teatrtrue.pl\/wp-content\/uploads\/2024\/07\/pomorze-zachodnie-logo_duze-300x200.jpg 300w, https:\/\/teatrtrue.pl\/wp-content\/uploads\/2024\/07\/pomorze-zachodnie-logo_duze-768x511.jpg 768w, https:\/\/teatrtrue.pl\/wp-content\/uploads\/2024\/07\/pomorze-zachodnie-logo_duze.jpg 800w\" sizes=\"(max-width: 300px) 100vw, 300px\" \/>\t\t\t\t\t\t\t\t\t\t\t\t\t<\/div>\n\t\t\t\t<\/div>\n\t\t\t\t<\/div>\n\t\t<div class=\"elementor-element elementor-element-943cbbc e-con-full e-flex e-con e-child\" data-id=\"943cbbc\" data-element_type=\"container\">\n\t\t\t\t<div class=\"elementor-element elementor-element-d07f07f elementor-widget elementor-widget-image\" data-id=\"d07f07f\" data-element_type=\"widget\" data-widget_type=\"image.default\">\n\t\t\t\t<div class=\"elementor-widget-container\">\n\t\t\t\t\t\t\t\t\t\t\t\t\t<img loading=\"lazy\" decoding=\"async\" width=\"1024\" height=\"777\" src=\"https:\/\/teatrtrue.pl\/wp-content\/uploads\/2024\/05\/og_pion-1024x777.jpg\" class=\"attachment-large size-large wp-image-9189\" alt=\"\" srcset=\"https:\/\/teatrtrue.pl\/wp-content\/uploads\/2024\/05\/og_pion-1024x777.jpg 1024w, https:\/\/teatrtrue.pl\/wp-content\/uploads\/2024\/05\/og_pion-300x228.jpg 300w, https:\/\/teatrtrue.pl\/wp-content\/uploads\/2024\/05\/og_pion-768x583.jpg 768w, https:\/\/teatrtrue.pl\/wp-content\/uploads\/2024\/05\/og_pion-1536x1166.jpg 1536w, https:\/\/teatrtrue.pl\/wp-content\/uploads\/2024\/05\/og_pion-2048x1555.jpg 2048w\" sizes=\"(max-width: 1024px) 100vw, 1024px\" \/>\t\t\t\t\t\t\t\t\t\t\t\t\t<\/div>\n\t\t\t\t<\/div>\n\t\t\t\t<\/div>\n\t\t\t\t\t<\/div>\n\t\t\t\t<\/div>\n\t\t<div class=\"elementor-element elementor-element-836abf7 e-flex e-con-boxed e-con e-parent\" data-id=\"836abf7\" data-element_type=\"container\" data-core-v316-plus=\"true\">\n\t\t\t\t\t<div class=\"e-con-inner\">\n\t\t<div class=\"elementor-element elementor-element-4d614e0 e-con-full e-flex e-con e-child\" data-id=\"4d614e0\" data-element_type=\"container\">\n\t\t\t\t<\/div>\n\t\t<div class=\"elementor-element elementor-element-ad52bec e-con-full e-flex e-con e-child\" data-id=\"ad52bec\" data-element_type=\"container\">\n\t\t\t\t<\/div>\n\t\t\t\t\t<\/div>\n\t\t\t\t<\/div>\n\t\t<div class=\"elementor-element elementor-element-f138efc e-flex e-con-boxed e-con e-parent\" data-id=\"f138efc\" data-element_type=\"container\" data-core-v316-plus=\"true\">\n\t\t\t\t\t<div class=\"e-con-inner\">\n\t\t\t\t\t<\/div>\n\t\t\t\t<\/div>\n\t\t\t\t<\/div>\n\t\t","protected":false},"excerpt":{"rendered":"<p>OBECNY PROCES TW\u00d3RCZY MONODRAM SCENARIUSZ DLA NIEWIDOMEGO LECZ MO\u017bLIWEGO TANCERZA IDIOSENSORYCZNEGO Na podstawie rozm\u00f3w biograficznych autora z niewidomym tancerzem-aktorem z odwo\u0142aniami do utworu &#8222;Moskwa-Pietuszki&#8221; Wieniedikta Jerofiejewa\u00a0 \u00a0 AUTOR Jerzy Norbert [&hellip;]<\/p>\n","protected":false},"author":1,"featured_media":0,"parent":0,"menu_order":0,"comment_status":"closed","ping_status":"closed","template":"page-full-width.php","meta":{"_mc_calendar":[],"footnotes":""},"class_list":["post-2182","page","type-page","status-publish","hentry"],"_links":{"self":[{"href":"https:\/\/teatrtrue.pl\/index.php?rest_route=\/wp\/v2\/pages\/2182","targetHints":{"allow":["GET"]}}],"collection":[{"href":"https:\/\/teatrtrue.pl\/index.php?rest_route=\/wp\/v2\/pages"}],"about":[{"href":"https:\/\/teatrtrue.pl\/index.php?rest_route=\/wp\/v2\/types\/page"}],"author":[{"embeddable":true,"href":"https:\/\/teatrtrue.pl\/index.php?rest_route=\/wp\/v2\/users\/1"}],"replies":[{"embeddable":true,"href":"https:\/\/teatrtrue.pl\/index.php?rest_route=%2Fwp%2Fv2%2Fcomments&post=2182"}],"version-history":[{"count":97,"href":"https:\/\/teatrtrue.pl\/index.php?rest_route=\/wp\/v2\/pages\/2182\/revisions"}],"predecessor-version":[{"id":9615,"href":"https:\/\/teatrtrue.pl\/index.php?rest_route=\/wp\/v2\/pages\/2182\/revisions\/9615"}],"wp:attachment":[{"href":"https:\/\/teatrtrue.pl\/index.php?rest_route=%2Fwp%2Fv2%2Fmedia&parent=2182"}],"curies":[{"name":"wp","href":"https:\/\/api.w.org\/{rel}","templated":true}]}}