{"id":10308,"date":"2026-01-26T10:13:03","date_gmt":"2026-01-26T09:13:03","guid":{"rendered":"https:\/\/teatrtrue.pl\/?page_id=10308"},"modified":"2026-01-30T10:14:37","modified_gmt":"2026-01-30T09:14:37","slug":"fundacja-true","status":"publish","type":"page","link":"https:\/\/teatrtrue.pl\/?page_id=10308","title":{"rendered":"FUNDACJA TRUE"},"content":{"rendered":"\t\t<div data-elementor-type=\"wp-page\" data-elementor-id=\"10308\" class=\"elementor elementor-10308\">\n\t\t\t\t<div class=\"elementor-element elementor-element-3e31cca e-flex e-con-boxed elementor-invisible e-con e-parent\" data-id=\"3e31cca\" data-element_type=\"container\" data-settings=\"{&quot;animation&quot;:&quot;fadeInLeft&quot;}\" data-core-v316-plus=\"true\">\n\t\t\t\t\t<div class=\"e-con-inner\">\n\t\t\t\t<div class=\"elementor-element elementor-element-410b522 elementor-widget elementor-widget-heading\" data-id=\"410b522\" data-element_type=\"widget\" data-widget_type=\"heading.default\">\n\t\t\t\t<div class=\"elementor-widget-container\">\n\t\t\t<style>\/*! elementor - v3.20.0 - 11-03-2024 *\/\n.elementor-heading-title{padding:0;margin:0;line-height:1}.elementor-widget-heading .elementor-heading-title[class*=elementor-size-]>a{color:inherit;font-size:inherit;line-height:inherit}.elementor-widget-heading .elementor-heading-title.elementor-size-small{font-size:15px}.elementor-widget-heading .elementor-heading-title.elementor-size-medium{font-size:19px}.elementor-widget-heading .elementor-heading-title.elementor-size-large{font-size:29px}.elementor-widget-heading .elementor-heading-title.elementor-size-xl{font-size:39px}.elementor-widget-heading .elementor-heading-title.elementor-size-xxl{font-size:59px}<\/style><h2 class=\"elementor-heading-title elementor-size-default\">FUNDACJA TRUE<\/h2>\t\t<\/div>\n\t\t\t\t<\/div>\n\t\t\t\t<div class=\"elementor-element elementor-element-e459ca3 elementor-widget elementor-widget-spacer\" data-id=\"e459ca3\" data-element_type=\"widget\" data-widget_type=\"spacer.default\">\n\t\t\t\t<div class=\"elementor-widget-container\">\n\t\t\t<style>\/*! elementor - v3.20.0 - 11-03-2024 *\/\n.elementor-column .elementor-spacer-inner{height:var(--spacer-size)}.e-con{--container-widget-width:100%}.e-con-inner>.elementor-widget-spacer,.e-con>.elementor-widget-spacer{width:var(--container-widget-width,var(--spacer-size));--align-self:var(--container-widget-align-self,initial);--flex-shrink:0}.e-con-inner>.elementor-widget-spacer>.elementor-widget-container,.e-con>.elementor-widget-spacer>.elementor-widget-container{height:100%;width:100%}.e-con-inner>.elementor-widget-spacer>.elementor-widget-container>.elementor-spacer,.e-con>.elementor-widget-spacer>.elementor-widget-container>.elementor-spacer{height:100%}.e-con-inner>.elementor-widget-spacer>.elementor-widget-container>.elementor-spacer>.elementor-spacer-inner,.e-con>.elementor-widget-spacer>.elementor-widget-container>.elementor-spacer>.elementor-spacer-inner{height:var(--container-widget-height,var(--spacer-size))}.e-con-inner>.elementor-widget-spacer.elementor-widget-empty,.e-con>.elementor-widget-spacer.elementor-widget-empty{position:relative;min-height:22px;min-width:22px}.e-con-inner>.elementor-widget-spacer.elementor-widget-empty .elementor-widget-empty-icon,.e-con>.elementor-widget-spacer.elementor-widget-empty .elementor-widget-empty-icon{position:absolute;top:0;bottom:0;left:0;right:0;margin:auto;padding:0;width:22px;height:22px}<\/style>\t\t<div class=\"elementor-spacer\">\n\t\t\t<div class=\"elementor-spacer-inner\"><\/div>\n\t\t<\/div>\n\t\t\t\t<\/div>\n\t\t\t\t<\/div>\n\t\t\t\t\t<\/div>\n\t\t\t\t<\/div>\n\t\t<div class=\"elementor-element elementor-element-059999b e-flex e-con-boxed elementor-invisible e-con e-parent\" data-id=\"059999b\" data-element_type=\"container\" data-settings=\"{&quot;animation&quot;:&quot;fadeInRight&quot;}\" data-core-v316-plus=\"true\">\n\t\t\t\t\t<div class=\"e-con-inner\">\n\t\t<div class=\"elementor-element elementor-element-eca7e07 e-con-full e-flex e-con e-child\" data-id=\"eca7e07\" data-element_type=\"container\">\n\t\t\t\t<div class=\"elementor-element elementor-element-a6e5d1c elementor-widget elementor-widget-text-editor\" data-id=\"a6e5d1c\" data-element_type=\"widget\" data-widget_type=\"text-editor.default\">\n\t\t\t\t<div class=\"elementor-widget-container\">\n\t\t\t<style>\/*! elementor - v3.20.0 - 11-03-2024 *\/\n.elementor-widget-text-editor.elementor-drop-cap-view-stacked .elementor-drop-cap{background-color:#69727d;color:#fff}.elementor-widget-text-editor.elementor-drop-cap-view-framed .elementor-drop-cap{color:#69727d;border:3px solid;background-color:transparent}.elementor-widget-text-editor:not(.elementor-drop-cap-view-default) .elementor-drop-cap{margin-top:8px}.elementor-widget-text-editor:not(.elementor-drop-cap-view-default) .elementor-drop-cap-letter{width:1em;height:1em}.elementor-widget-text-editor .elementor-drop-cap{float:left;text-align:center;line-height:1;font-size:50px}.elementor-widget-text-editor .elementor-drop-cap-letter{display:inline-block}<\/style>\t\t\t\t<p>Naszym celem jest powo\u0142anie w Polsce pierwszego teatru ta\u0144ca tworzonego w ca\u0142o\u015bci przez osoby z niepe\u0142nosprawno\u015bciami \u2013 artyst\u00f3w, pracownik\u00f3w technicznych, administracj\u0119 i zesp\u00f3\u0142 organizacyjny. Chcemy stworzy\u0107 przestrze\u0144, w kt\u00f3rej osoby z r\u00f3\u017cnymi rodzajami niepe\u0142nosprawno\u015bci b\u0119d\u0105 mog\u0142y w pe\u0142ni uczestniczy\u0107 w \u017cyciu spo\u0142ecznym i zawodowym, rozwija\u0107 swoje talenty oraz wsp\u00f3\u0142tworzy\u0107 profesjonaln\u0105, nowoczesn\u0105 instytucj\u0119 kultury.<\/p><p>Teatr ten b\u0119dzie nie tylko miejscem pracy, lecz tak\u017ce przestrzeni\u0105 dialogu, tw\u00f3rczej ekspresji i budowania podmiotowo\u015bci. Poprzez taniec i teatr chcemy prze\u0142amywa\u0107 bariery \u2013 zar\u00f3wno architektoniczne, jak i mentalne \u2013 oraz zmienia\u0107 spos\u00f3b, w jaki spo\u0142ecze\u0144stwo postrzega osoby z niepe\u0142nosprawno\u015bciami. Nasze dzia\u0142ania poka\u017c\u0105, \u017ce r\u00f3\u017cnorodno\u015b\u0107 cia\u0142, do\u015bwiadcze\u0144 i sposob\u00f3w poruszania si\u0119 mo\u017ce sta\u0107 si\u0119 \u017ar\u00f3d\u0142em artystycznej si\u0142y, nowej estetyki i g\u0142\u0119bokiego przekazu.<\/p><p>Pragniemy stworzy\u0107 unikaln\u0105 kultur\u0119 ta\u0144ca i teatru os\u00f3b z niepe\u0142nosprawno\u015bciami, opart\u0105 na profesjonalizmie, wzajemnym szacunku i r\u00f3wno\u015bci. Nasz teatr b\u0119dzie miejscem, w kt\u00f3rym arty\u015bci z niepe\u0142nosprawno\u015bciami nie s\u0105 \u201ezapraszani do udzia\u0142u\u201d, lecz s\u0105 jego fundamentem i tw\u00f3rcami. Chcemy da\u0107 im realn\u0105 mo\u017cliwo\u015b\u0107 stabilnej pracy, rozwoju kariery oraz widoczno\u015bci na scenie artystycznej w Polsce i za granic\u0105.<\/p><p>Poprzez spektakle, warsztaty, dzia\u0142ania edukacyjne i wsp\u00f3\u0142prac\u0119 z instytucjami kultury b\u0119dziemy budowa\u0107 mosty mi\u0119dzy \u015bwiatem sztuki a spo\u0142ecze\u0144stwem, inspiruj\u0105c do wi\u0119kszej otwarto\u015bci, empatii i zrozumienia.<\/p><p>Wierzymy, \u017ce sztuka tworzona przez osoby z niepe\u0142nosprawno\u015bciami ma moc zmieniania narracji \u2013 z narracji o ograniczeniach na opowie\u015b\u0107 o mo\u017cliwo\u015bciach, sile i tw\u00f3rczym potencjale.<\/p><p>Nasz teatr ma sta\u0107 si\u0119 symbolem inkluzyjno\u015bci, odwagi i nowej jako\u015bci w polskiej kulturze \u2013 miejscem, w kt\u00f3rym ka\u017cdy ruch, ka\u017cda historia i ka\u017cde cia\u0142o ma znaczenie.<\/p><p>\u00a0<\/p><p>Jerzy Norbert Grzegorek wraz z Zespo\u0142em TRUE<\/p><p>05.05.2023<\/p>\t\t\t\t\t\t<\/div>\n\t\t\t\t<\/div>\n\t\t\t\t<\/div>\n\t\t<div class=\"elementor-element elementor-element-c88b79b e-con-full e-flex elementor-invisible e-con e-child\" data-id=\"c88b79b\" data-element_type=\"container\" data-settings=\"{&quot;animation&quot;:&quot;fadeInRight&quot;}\">\n\t\t\t\t<div class=\"elementor-element elementor-element-c4512c7 elementor-widget elementor-widget-image\" data-id=\"c4512c7\" data-element_type=\"widget\" data-widget_type=\"image.default\">\n\t\t\t\t<div class=\"elementor-widget-container\">\n\t\t\t<style>\/*! elementor - v3.20.0 - 11-03-2024 *\/\n.elementor-widget-image{text-align:center}.elementor-widget-image a{display:inline-block}.elementor-widget-image a img[src$=\".svg\"]{width:48px}.elementor-widget-image img{vertical-align:middle;display:inline-block}<\/style>\t\t\t\t\t\t\t\t\t\t<img fetchpriority=\"high\" decoding=\"async\" width=\"1024\" height=\"658\" src=\"https:\/\/teatrtrue.pl\/wp-content\/uploads\/2026\/01\/Fundacja-TRUE-1-logo-1024x658.jpg\" class=\"attachment-large size-large wp-image-11041\" alt=\"\" srcset=\"https:\/\/teatrtrue.pl\/wp-content\/uploads\/2026\/01\/Fundacja-TRUE-1-logo-1024x658.jpg 1024w, https:\/\/teatrtrue.pl\/wp-content\/uploads\/2026\/01\/Fundacja-TRUE-1-logo-300x193.jpg 300w, https:\/\/teatrtrue.pl\/wp-content\/uploads\/2026\/01\/Fundacja-TRUE-1-logo-768x494.jpg 768w, https:\/\/teatrtrue.pl\/wp-content\/uploads\/2026\/01\/Fundacja-TRUE-1-logo-1536x987.jpg 1536w, https:\/\/teatrtrue.pl\/wp-content\/uploads\/2026\/01\/Fundacja-TRUE-1-logo-2048x1316.jpg 2048w\" sizes=\"(max-width: 1024px) 100vw, 1024px\" \/>\t\t\t\t\t\t\t\t\t\t\t\t\t<\/div>\n\t\t\t\t<\/div>\n\t\t\t\t<div class=\"elementor-element elementor-element-8c25092 elementor-widget elementor-widget-text-editor\" data-id=\"8c25092\" data-element_type=\"widget\" data-widget_type=\"text-editor.default\">\n\t\t\t\t<div class=\"elementor-widget-container\">\n\t\t\t\t\t\t\t<p style=\"text-align: center;\"><a href=\"http:\/\/teatrtrue.pl\/wp-content\/uploads\/2026\/01\/STATUT-FUNDACJI.pdf\">STATUT FUNDACJI<br \/><span style=\"color: #ff0000;\"><strong>PLIK PDF<\/strong><\/span><\/a><\/p>\t\t\t\t\t\t<\/div>\n\t\t\t\t<\/div>\n\t\t\t\t<\/div>\n\t\t\t\t\t<\/div>\n\t\t\t\t<\/div>\n\t\t\t\t<\/div>\n\t\t","protected":false},"excerpt":{"rendered":"<p>FUNDACJA TRUE Naszym celem jest powo\u0142anie w Polsce pierwszego teatru ta\u0144ca tworzonego w ca\u0142o\u015bci przez osoby z niepe\u0142nosprawno\u015bciami \u2013 artyst\u00f3w, pracownik\u00f3w technicznych, administracj\u0119 i zesp\u00f3\u0142 organizacyjny. Chcemy stworzy\u0107 przestrze\u0144, w [&hellip;]<\/p>\n","protected":false},"author":1,"featured_media":0,"parent":0,"menu_order":0,"comment_status":"closed","ping_status":"closed","template":"","meta":{"_mc_calendar":[],"footnotes":""},"class_list":["post-10308","page","type-page","status-publish","hentry"],"_links":{"self":[{"href":"https:\/\/teatrtrue.pl\/index.php?rest_route=\/wp\/v2\/pages\/10308","targetHints":{"allow":["GET"]}}],"collection":[{"href":"https:\/\/teatrtrue.pl\/index.php?rest_route=\/wp\/v2\/pages"}],"about":[{"href":"https:\/\/teatrtrue.pl\/index.php?rest_route=\/wp\/v2\/types\/page"}],"author":[{"embeddable":true,"href":"https:\/\/teatrtrue.pl\/index.php?rest_route=\/wp\/v2\/users\/1"}],"replies":[{"embeddable":true,"href":"https:\/\/teatrtrue.pl\/index.php?rest_route=%2Fwp%2Fv2%2Fcomments&post=10308"}],"version-history":[{"count":13,"href":"https:\/\/teatrtrue.pl\/index.php?rest_route=\/wp\/v2\/pages\/10308\/revisions"}],"predecessor-version":[{"id":11051,"href":"https:\/\/teatrtrue.pl\/index.php?rest_route=\/wp\/v2\/pages\/10308\/revisions\/11051"}],"wp:attachment":[{"href":"https:\/\/teatrtrue.pl\/index.php?rest_route=%2Fwp%2Fv2%2Fmedia&parent=10308"}],"curies":[{"name":"wp","href":"https:\/\/api.w.org\/{rel}","templated":true}]}}