{"id":10090,"date":"2026-01-24T12:23:42","date_gmt":"2026-01-24T11:23:42","guid":{"rendered":"https:\/\/teatrtrue.pl\/?page_id=10090"},"modified":"2026-01-30T20:58:04","modified_gmt":"2026-01-30T19:58:04","slug":"scenariusz-dla-niewidomego-lecz-mozliwego-tancerza-idiosensorycznego","status":"publish","type":"page","link":"https:\/\/teatrtrue.pl\/?page_id=10090","title":{"rendered":"SCENARIUSZ DLA NIEWIDOMEGO LECZ MO\u017bLIWEGO TANCERZA IDIOSENSORYCZNEGO"},"content":{"rendered":"\t\t<div data-elementor-type=\"wp-page\" data-elementor-id=\"10090\" class=\"elementor elementor-10090\">\n\t\t\t\t<div class=\"elementor-element elementor-element-720045b e-flex e-con-boxed e-con e-parent\" data-id=\"720045b\" data-element_type=\"container\" data-core-v316-plus=\"true\">\n\t\t\t\t\t<div class=\"e-con-inner\">\n\t\t\t\t<div class=\"elementor-element elementor-element-e2a9d4e elementor-invisible elementor-widget elementor-widget-heading\" data-id=\"e2a9d4e\" data-element_type=\"widget\" data-settings=\"{&quot;_animation&quot;:&quot;fadeIn&quot;}\" data-widget_type=\"heading.default\">\n\t\t\t\t<div class=\"elementor-widget-container\">\n\t\t\t<style>\/*! elementor - v3.20.0 - 11-03-2024 *\/\n.elementor-heading-title{padding:0;margin:0;line-height:1}.elementor-widget-heading .elementor-heading-title[class*=elementor-size-]>a{color:inherit;font-size:inherit;line-height:inherit}.elementor-widget-heading .elementor-heading-title.elementor-size-small{font-size:15px}.elementor-widget-heading .elementor-heading-title.elementor-size-medium{font-size:19px}.elementor-widget-heading .elementor-heading-title.elementor-size-large{font-size:29px}.elementor-widget-heading .elementor-heading-title.elementor-size-xl{font-size:39px}.elementor-widget-heading .elementor-heading-title.elementor-size-xxl{font-size:59px}<\/style><h5 class=\"elementor-heading-title elementor-size-default\">PERFORMATYWNO\u015a\u0106. CIA\u0141O KON_TEKSTY\n<\/h5>\t\t<\/div>\n\t\t\t\t<\/div>\n\t\t\t\t\t<\/div>\n\t\t\t\t<\/div>\n\t\t<div class=\"elementor-element elementor-element-87e2825 e-con-full e-flex e-con e-parent\" data-id=\"87e2825\" data-element_type=\"container\" data-core-v316-plus=\"true\">\n\t\t<div class=\"elementor-element elementor-element-9b8713c e-con-full e-flex e-con e-child\" data-id=\"9b8713c\" data-element_type=\"container\">\n\t\t\t\t<div class=\"elementor-element elementor-element-d5e432f elementor-invisible elementor-widget elementor-widget-text-editor\" data-id=\"d5e432f\" data-element_type=\"widget\" data-settings=\"{&quot;_animation&quot;:&quot;fadeInLeft&quot;}\" data-widget_type=\"text-editor.default\">\n\t\t\t\t<div class=\"elementor-widget-container\">\n\t\t\t<style>\/*! elementor - v3.20.0 - 11-03-2024 *\/\n.elementor-widget-text-editor.elementor-drop-cap-view-stacked .elementor-drop-cap{background-color:#69727d;color:#fff}.elementor-widget-text-editor.elementor-drop-cap-view-framed .elementor-drop-cap{color:#69727d;border:3px solid;background-color:transparent}.elementor-widget-text-editor:not(.elementor-drop-cap-view-default) .elementor-drop-cap{margin-top:8px}.elementor-widget-text-editor:not(.elementor-drop-cap-view-default) .elementor-drop-cap-letter{width:1em;height:1em}.elementor-widget-text-editor .elementor-drop-cap{float:left;text-align:center;line-height:1;font-size:50px}.elementor-widget-text-editor .elementor-drop-cap-letter{display:inline-block}<\/style>\t\t\t\t<p><b>SCENARIUSZ DLA NIEWIDOMEGO LECZ MO\u017bLIWEGO TANCERZA IDIODENSORYCZNEGO<\/b><\/p><p>SCENARIUSZ I RE\u017bYSERIA: Jerzy Norbert Grzegorek<\/p><p>W roli \u201eKacperka\u201d Kacper Koz\u0142owski &#8211; tancerz-aktor niewidomy z niepe\u0142nosprawno\u015bci\u0105 sprz\u0119\u017con\u0105.<\/p><p><b>SCENOGRAFIA: <\/b>przestrze\u0144 ruchu i rytmu: Maszyna Idiosensoryczna<\/p><p>Tekst Jerzy Norbert Grzegorek na kanwie narracji biograficznej osoby niewidomej z odwo\u0142aniem do powie\u015bci Wieniedikta Jerofiejewa \u201d Moskwa-Pietuszki \u201d.<\/p><p>Tytu\u0142 jest uk\u0142onem scenarzysty i re\u017cysera w stron\u0119 wielkiego polskiego mistrza performatyki rytmu s\u0142owa i ruchu Bogus\u0142awa Schaeffera<\/p><p>Czas: 75 min<\/p><p>Premiera odby\u0142a si\u0119 w 29 listopada 2024 na deskach\u00a0 Domu Kultury Krzemie\u0144 w Szczecinie.<\/p><p>Prapremiery:<\/p><p>Pa\u017adziernik 2024 Uniwersytet Rzeszowski podczas Konferencji Polskiego Forum Choreologicznego<\/p><p>Listopad 2024 Pa\u0142ac Kultury i Nauki w Warszawie\u00a0 podczas Mi\u0119dzynarodowej Konferencji REHA FOR THE BLIND<\/p>\t\t\t\t\t\t<\/div>\n\t\t\t\t<\/div>\n\t\t\t\t<\/div>\n\t\t<div class=\"elementor-element elementor-element-775c3cc e-con-full e-flex e-con e-child\" data-id=\"775c3cc\" data-element_type=\"container\">\n\t\t\t\t<div class=\"elementor-element elementor-element-0bb28f3 elementor-invisible elementor-widget elementor-widget-video\" data-id=\"0bb28f3\" data-element_type=\"widget\" data-settings=\"{&quot;video_type&quot;:&quot;hosted&quot;,&quot;_animation&quot;:&quot;fadeInRight&quot;,&quot;controls&quot;:&quot;yes&quot;}\" data-widget_type=\"video.default\">\n\t\t\t\t<div class=\"elementor-widget-container\">\n\t\t\t<style>\/*! elementor - v3.20.0 - 11-03-2024 *\/\n.elementor-widget-video .elementor-widget-container{overflow:hidden;transform:translateZ(0)}.elementor-widget-video .elementor-wrapper{aspect-ratio:var(--video-aspect-ratio)}.elementor-widget-video .elementor-wrapper iframe,.elementor-widget-video .elementor-wrapper video{height:100%;width:100%;display:flex;border:none;background-color:#000}@supports not (aspect-ratio:1\/1){.elementor-widget-video .elementor-wrapper{position:relative;overflow:hidden;height:0;padding-bottom:calc(100% \/ var(--video-aspect-ratio))}.elementor-widget-video .elementor-wrapper iframe,.elementor-widget-video .elementor-wrapper video{position:absolute;top:0;right:0;bottom:0;left:0}}.elementor-widget-video .elementor-open-inline .elementor-custom-embed-image-overlay{position:absolute;top:0;right:0;bottom:0;left:0;background-size:cover;background-position:50%}.elementor-widget-video .elementor-custom-embed-image-overlay{cursor:pointer;text-align:center}.elementor-widget-video .elementor-custom-embed-image-overlay:hover .elementor-custom-embed-play i{opacity:1}.elementor-widget-video .elementor-custom-embed-image-overlay img{display:block;width:100%;aspect-ratio:var(--video-aspect-ratio);-o-object-fit:cover;object-fit:cover;-o-object-position:center center;object-position:center center}@supports not (aspect-ratio:1\/1){.elementor-widget-video .elementor-custom-embed-image-overlay{position:relative;overflow:hidden;height:0;padding-bottom:calc(100% \/ var(--video-aspect-ratio))}.elementor-widget-video .elementor-custom-embed-image-overlay img{position:absolute;top:0;right:0;bottom:0;left:0}}.elementor-widget-video .e-hosted-video .elementor-video{-o-object-fit:cover;object-fit:cover}.e-con-inner>.elementor-widget-video,.e-con>.elementor-widget-video{width:var(--container-widget-width);--flex-grow:var(--container-widget-flex-grow)}<\/style>\t\t<div class=\"e-hosted-video elementor-wrapper elementor-open-inline\">\n\t\t\t\t\t<video class=\"elementor-video\" src=\"http:\/\/teatrtrue.pl\/wp-content\/uploads\/2026\/01\/Media3-1.mp4\" controls=\"\" preload=\"metadata\" controlsList=\"nodownload\"><\/video>\n\t\t\t\t<\/div>\n\t\t\t\t<\/div>\n\t\t\t\t<\/div>\n\t\t\t\t<\/div>\n\t\t\t\t<\/div>\n\t\t\t\t<\/div>\n\t\t","protected":false},"excerpt":{"rendered":"<p>PERFORMATYWNO\u015a\u0106. CIA\u0141O KON_TEKSTY SCENARIUSZ DLA NIEWIDOMEGO LECZ MO\u017bLIWEGO TANCERZA IDIODENSORYCZNEGO SCENARIUSZ I RE\u017bYSERIA: Jerzy Norbert Grzegorek W roli \u201eKacperka\u201d Kacper Koz\u0142owski &#8211; tancerz-aktor niewidomy z niepe\u0142nosprawno\u015bci\u0105 sprz\u0119\u017con\u0105. SCENOGRAFIA: przestrze\u0144 ruchu [&hellip;]<\/p>\n","protected":false},"author":1,"featured_media":0,"parent":0,"menu_order":0,"comment_status":"closed","ping_status":"closed","template":"","meta":{"_mc_calendar":[],"footnotes":""},"class_list":["post-10090","page","type-page","status-publish","hentry"],"_links":{"self":[{"href":"https:\/\/teatrtrue.pl\/index.php?rest_route=\/wp\/v2\/pages\/10090","targetHints":{"allow":["GET"]}}],"collection":[{"href":"https:\/\/teatrtrue.pl\/index.php?rest_route=\/wp\/v2\/pages"}],"about":[{"href":"https:\/\/teatrtrue.pl\/index.php?rest_route=\/wp\/v2\/types\/page"}],"author":[{"embeddable":true,"href":"https:\/\/teatrtrue.pl\/index.php?rest_route=\/wp\/v2\/users\/1"}],"replies":[{"embeddable":true,"href":"https:\/\/teatrtrue.pl\/index.php?rest_route=%2Fwp%2Fv2%2Fcomments&post=10090"}],"version-history":[{"count":22,"href":"https:\/\/teatrtrue.pl\/index.php?rest_route=\/wp\/v2\/pages\/10090\/revisions"}],"predecessor-version":[{"id":11542,"href":"https:\/\/teatrtrue.pl\/index.php?rest_route=\/wp\/v2\/pages\/10090\/revisions\/11542"}],"wp:attachment":[{"href":"https:\/\/teatrtrue.pl\/index.php?rest_route=%2Fwp%2Fv2%2Fmedia&parent=10090"}],"curies":[{"name":"wp","href":"https:\/\/api.w.org\/{rel}","templated":true}]}}